{"id":1001,"date":"2013-11-02T16:41:41","date_gmt":"2013-11-02T14:41:41","guid":{"rendered":"http:\/\/www.martinaminges.eu\/luiseMarcks\/?page_id=1001"},"modified":"2022-12-08T21:04:54","modified_gmt":"2022-12-08T20:04:54","slug":"was-war","status":"publish","type":"page","link":"https:\/\/luise-marcks.de\/","title":{"rendered":"__________________________________"},"content":{"rendered":"<h4 style=\"text-align: center;\">Datenschutzerkl\u00e4rung I<\/h4>\n<p style=\"text-align: center;\">Ich soll den Datenschutz erkl\u00e4ren,<br \/>\nRichtlinien, die ich nicht verstehe,<br \/>\nund \u00fcber elektronische Details belehren.<br \/>\nDamit ich an Ihnen kein Unrecht begehe.<br \/>\nIch versuche es lyrisch, anders krieg ich\u00b4s nicht hin,<br \/>\nweil ich einfach keine Rechtsexpertin bin.<br \/>\nWas ich beim Lesen verstanden habe:<br \/>\nAm besten Ihr schreibt keine Kommentare!<br \/>\nFalls ihr es doch tut, so seid euch im klaren,<br \/>\ndass eure IP eurer Arbeitsger\u00e4t verr\u00e4t<br \/>\nund werd ich gehaeckt, vielleicht ausgesp\u00e4ht.<br \/>\nWas noch schlimmer ist, es kann geschehn,<br \/>\ndass sie mit dem Spamfilter ins Ausland gehn.<br \/>\nEs sollen ganze Hacker-Banden geben,<br \/>\ndie von Lyrik Kommentatoren leben.<br \/>\n.<br \/>\nDarum schreibt bitte keine Kommentare mehr.<br \/>\nSie zu sperren sei m\u00f6glich, scheint mir aber schwer.<br \/>\nHabt ihr fr\u00fcher mal Kommentare geschrieben,<br \/>\nkann ich sie gern in den Papierkorb verschieben.<\/p>\n<p style=\"text-align: center;\">Wenn ihr euch dennoch melden wollt<br \/>\nsag ich hier wie ihr es machen sollt.<br \/>\nDie gute, alte Telepatie, versagt ihre Dienste nie.<br \/>\nSie denken sich ihren Kommmentar<br \/>\nim Hier und Jetzt formuliert ganz klar.<br \/>\nDann schicken sie alle Energie, in den linken Zeh<br \/>\ner vibriert sonst nie\u00a0 &#8211; und sagen &#8222;Geh&#8220;.<br \/>\nFunktioniert es nicht gleich, den Mut nicht verlieren,<br \/>\nzu sp\u00e4terer Stunde wieder probieren.<br \/>\nIch bin nicht immer auf Empfang geschaltet<br \/>\nund mein Betriebssystem ist etwas veraltet.<\/p>\n<p style=\"text-align: center;\">Lernen Sie &#8211; diese Information ist mir wichtig &#8211;<br \/>\neins meiner Gedichte, ist das geb\u00fchrenpflichtig.<br \/>\nAbgebucht wird, ob sie wollen oder nicht,<br \/>\nGehirnspeicherplatz f\u00fcr jedes Gedicht.<br \/>\nBleiben sie stecken beim freien Zitieren,<br \/>\nwaren sie geizig bei den Geb\u00fchren.<br \/>\nBedenken Sie, es sind sensible Daten.<br \/>\nDa kann etwas mehr Engagement nicht schaden.<\/p>\n<p style=\"text-align: center;\">Bitte machen Sie aus meinen Gedichten kein Buch.<br \/>\nNun danke ich sehr, f\u00fcr ihren Besuch.<\/p>\n<p style=\"text-align: center;\">Ihre Luise Marcks<\/p>\n<h4 style=\"text-align: center;\"><\/h4>\n<h4 style=\"text-align: center;\">\u00a0<em><br \/>\n<\/em><\/h4>\n","protected":false},"excerpt":{"rendered":"<p>Datenschutzerkl\u00e4rung I Ich soll den Datenschutz erkl\u00e4ren, Richtlinien, die ich nicht verstehe, und \u00fcber elektronische Details belehren. Damit ich an Ihnen kein Unrecht begehe. Ich versuche es lyrisch, anders krieg ich\u00b4s nicht hin, weil ich einfach keine Rechtsexpertin bin. Was ich beim Lesen verstanden habe: Am besten Ihr schreibt keine Kommentare! Falls ihr es doch &hellip; <a href=\"https:\/\/luise-marcks.de\/\" class=\"more-link\"><span class=\"screen-reader-text\">__________________________________<\/span> weiterlesen<\/a><\/p>\n","protected":false},"author":1,"featured_media":3675,"parent":0,"menu_order":0,"comment_status":"open","ping_status":"open","template":"","meta":[],"_links":{"self":[{"href":"https:\/\/luise-marcks.de\/index.php?rest_route=\/wp\/v2\/pages\/1001"}],"collection":[{"href":"https:\/\/luise-marcks.de\/index.php?rest_route=\/wp\/v2\/pages"}],"about":[{"href":"https:\/\/luise-marcks.de\/index.php?rest_route=\/wp\/v2\/types\/page"}],"author":[{"embeddable":true,"href":"https:\/\/luise-marcks.de\/index.php?rest_route=\/wp\/v2\/users\/1"}],"replies":[{"embeddable":true,"href":"https:\/\/luise-marcks.de\/index.php?rest_route=%2Fwp%2Fv2%2Fcomments&post=1001"}],"version-history":[{"count":30,"href":"https:\/\/luise-marcks.de\/index.php?rest_route=\/wp\/v2\/pages\/1001\/revisions"}],"predecessor-version":[{"id":4043,"href":"https:\/\/luise-marcks.de\/index.php?rest_route=\/wp\/v2\/pages\/1001\/revisions\/4043"}],"wp:featuredmedia":[{"embeddable":true,"href":"https:\/\/luise-marcks.de\/index.php?rest_route=\/wp\/v2\/media\/3675"}],"wp:attachment":[{"href":"https:\/\/luise-marcks.de\/index.php?rest_route=%2Fwp%2Fv2%2Fmedia&parent=1001"}],"curies":[{"name":"wp","href":"https:\/\/api.w.org\/{rel}","templated":true}]}}