{"id":1132,"date":"2014-02-20T17:33:05","date_gmt":"2014-02-20T16:33:05","guid":{"rendered":"http:\/\/www.martinaminges.eu\/luiseMarcks\/?page_id=1132"},"modified":"2021-08-18T19:39:05","modified_gmt":"2021-08-18T18:39:05","slug":"versuche","status":"publish","type":"page","link":"https:\/\/luise-marcks.de\/?page_id=1132","title":{"rendered":"Vielerlei Assoziationen (5)"},"content":{"rendered":"<h4><em>Ein heimatloser Aram\u00e4er<\/em><\/h4>\n<p>Alle Himbeerh\u00e4nge nannte er zur Erntezeit sein eigen.<br \/>\nAuf fremder Leute Weidegrund war er vertraut<br \/>\nmit den Pfifferlingspl\u00e4tzen unter den Schwarzwaldtannen.<br \/>\nFrisches Quellwasser konnte er riechen.<br \/>\nSein siebter Sinn machte ihn f\u00fcndig, brachte ihn<br \/>\nauch auf nie gegangenen Wegen zum Ziel seiner Sehnsucht.<br \/>\nEin heimatloser Aram\u00e4er &#8211; mein Vater &#8211;<br \/>\nsein Sehnsuchtsort &#8211; Wurzelgrund f\u00fcr seine Kinder.<br \/>\nGanz nah sollten sie wohnen bei dem, der mit ihm zog.<\/p>\n<p><em>23. Mai 2016<\/em><\/p>\n<h4><em>Packen, den N\u00e4chsten<\/em><\/h4>\n<p>Packen, am \u00c4rmel,<br \/>\nden N\u00e4chsten, den neben mir<br \/>\nin der Stra\u00dfenbahn,<br \/>\nzuf\u00e4llig den; ihn festhalten,<br \/>\nihm alles anvertrauen,<br \/>\nden Murks meines Lebens,<br \/>\neinfach weil er da ist, der N\u00e4chste,<br \/>\nin der Stra\u00dfenbahn<br \/>\nsoll er mich erh\u00f6ren,<br \/>\nmeinen Ruf nach N\u00e4he, nach Verst\u00e4ndnis.<br \/>\nEr soll mich h\u00f6ren!<br \/>\nDamit ich geh\u00f6rt bin.<br \/>\nRei\u00dft sich los, zerrei\u00dft gewaltsam<br \/>\ndie Verbindung, flieht hinaus<br \/>\nin den Regen.<br \/>\nLieber eine Bahn sp\u00e4ter<br \/>\nals mit mir.<br \/>\nEinsam, wie er so dasteht im Regen,<br \/>\nfast m\u00f6cht ich ihn tr\u00f6sten,<br \/>\nder eben mein N\u00e4chster<br \/>\nzu werden nicht wagte.<\/p>\n<p><em>11. Mai 2015<\/em><\/p>\n<h4><em>Reibungsw\u00e4rme<\/em><\/h4>\n<p>Reibung erzeugt W\u00e4rme.<br \/>\nKlar &#8211; manchmal koche ich vor Wut.<br \/>\nAber manchmal, zart, m\u00f6cht ich<br \/>\nden Arm um Dich legen<br \/>\nund sagen: Glaub mir<br \/>\ngegen allen Augenschein &#8211;<br \/>\nich will dir gut.<\/p>\n<p>Nein, ich verstehe dich nicht,<br \/>\nim allertiefsten bist du mir fremd.<br \/>\nAber die W\u00e4rme,<br \/>\ndie aus unserer Reibung entsteht<br \/>\nmacht die Welt w\u00e4rmer.<\/p>\n<p><em>11. Mai 2015<\/em><\/p>\n<h4><em>treu ist die Rose nicht<\/em><\/h4>\n<p>treu ist die rose nicht<br \/>\nes frisst sie frost und laus,<br \/>\ntreu ist das unkraut wohl,<br \/>\nes bleibt, reiss ich\u00b4s auch aus.<br \/>\ndoch singt der rose lob<br \/>\nmanch treffliches gedicht,<br \/>\ndes kleinen z\u00e4hen krauts<br \/>\ngedenkt man nicht<\/p>\n<p><em>19. Februar 2015<\/em><\/p>\n<h4><em>Wenn<\/em><\/h4>\n<p>Wenn<br \/>\nich<br \/>\nspringe,<br \/>\nspringe<br \/>\nich.<br \/>\nWenn<br \/>\nich<br \/>\nnicht<br \/>\nspringe,<br \/>\nspringe<br \/>\nich<br \/>\nnicht.<br \/>\nWer,<br \/>\nwenn<br \/>\nnicht<br \/>\nich,<br \/>\nw\u00e4gt<br \/>\ndas<br \/>\nWenn?<\/p>\n<p><em>17. Februar 2015<\/em><\/p>\n","protected":false},"excerpt":{"rendered":"<p>Ein heimatloser Aram\u00e4er Alle Himbeerh\u00e4nge nannte er zur Erntezeit sein eigen. Auf fremder Leute Weidegrund war er vertraut mit den Pfifferlingspl\u00e4tzen unter den Schwarzwaldtannen. Frisches Quellwasser konnte er riechen. Sein siebter Sinn machte ihn f\u00fcndig, brachte ihn auch auf nie gegangenen Wegen zum Ziel seiner Sehnsucht. Ein heimatloser Aram\u00e4er &#8211; mein Vater &#8211; sein Sehnsuchtsort &hellip; <a href=\"https:\/\/luise-marcks.de\/?page_id=1132\" class=\"more-link\"><span class=\"screen-reader-text\">Vielerlei Assoziationen (5)<\/span> weiterlesen<\/a><\/p>\n","protected":false},"author":1,"featured_media":1075,"parent":0,"menu_order":10,"comment_status":"open","ping_status":"open","template":"","meta":[],"_links":{"self":[{"href":"https:\/\/luise-marcks.de\/index.php?rest_route=\/wp\/v2\/pages\/1132"}],"collection":[{"href":"https:\/\/luise-marcks.de\/index.php?rest_route=\/wp\/v2\/pages"}],"about":[{"href":"https:\/\/luise-marcks.de\/index.php?rest_route=\/wp\/v2\/types\/page"}],"author":[{"embeddable":true,"href":"https:\/\/luise-marcks.de\/index.php?rest_route=\/wp\/v2\/users\/1"}],"replies":[{"embeddable":true,"href":"https:\/\/luise-marcks.de\/index.php?rest_route=%2Fwp%2Fv2%2Fcomments&post=1132"}],"version-history":[{"count":17,"href":"https:\/\/luise-marcks.de\/index.php?rest_route=\/wp\/v2\/pages\/1132\/revisions"}],"predecessor-version":[{"id":4028,"href":"https:\/\/luise-marcks.de\/index.php?rest_route=\/wp\/v2\/pages\/1132\/revisions\/4028"}],"wp:featuredmedia":[{"embeddable":true,"href":"https:\/\/luise-marcks.de\/index.php?rest_route=\/wp\/v2\/media\/1075"}],"wp:attachment":[{"href":"https:\/\/luise-marcks.de\/index.php?rest_route=%2Fwp%2Fv2%2Fmedia&parent=1132"}],"curies":[{"name":"wp","href":"https:\/\/api.w.org\/{rel}","templated":true}]}}