{"id":1309,"date":"2014-06-19T18:41:29","date_gmt":"2014-06-19T17:41:29","guid":{"rendered":"http:\/\/luise-marcks.de\/?page_id=1309"},"modified":"2019-04-25T08:48:03","modified_gmt":"2019-04-25T07:48:03","slug":"annaeherungen-an-ein-geheimnis","status":"publish","type":"page","link":"https:\/\/luise-marcks.de\/?page_id=1309","title":{"rendered":"Ann\u00e4herungen (4)"},"content":{"rendered":"<h4><em>Im Herzen der Dreifaltigkeit<\/em><\/h4>\n<p>Im Herzen der Dreifaltigkeit geborgen,<br \/>\ndas hie\u00dfe &#8211; hier auf dieser Welt zuhaus.<br \/>\nGeborgen heute in des Tages Freud und Sorge<br \/>\nund frei von \u00c4ngsten vor dem unw\u00e4gbaren Morgen.<\/p>\n<p>Im Herzen der Dreifaltigkeit geborgen<br \/>\nwo Liebe durch die Liebe Liebe liebt,<br \/>\nblieb mir im N\u00e4chsten l\u00e4nger nicht verborgen,<br \/>\nwie ihn DEIN inneres Auge sieht.<\/p>\n<p>So \u00f6ffneten sich mir alle sieben Sinne,<br \/>\nunendlich w\u00fcchse mir das eigne Herz.<br \/>\nVon DIR getragen w\u00e4re mein Beginnen,<br \/>\nvon DIR umfangen und von DIR gen\u00e4hrt.<\/p>\n<p>Mein zeitlich Ende k\u00f6nnt mich nicht mehr schrecken.<br \/>\nDein Herzschlag ist ja jetzt schon Ewigkeit.<br \/>\nUnd wirst DU mich auf DEINE Weise wecken<br \/>\nso mach mich hier wie dort zu DIR bereit.<\/p>\n<h4><em>Gott lieben<\/em><\/h4>\n<p>Gott lieben, den ich gar nicht sehe,<br \/>\ndas geht nur, wenn mich einer lehrt,<br \/>\nder ganz erkannt hat,<br \/>\nso dass ich an IHM erkenne,<br \/>\ndass er mein ganzes Herz begehrt.<\/p>\n<p>Dass ich dem Sohne, der den Vater kennt<br \/>\nbegegnen kann auch heute,<br \/>\nwirkt jener, den heiliger Geist man nennt:<br \/>\ndie Gnadengabe ist die h\u00f6chste Freude.<\/p>\n<p>Gott lieben und dem Sohne folgen, gef\u00fchrt vom Geist,<br \/>\ndas ist das Leben,<br \/>\ndas ER uns schenkt<br \/>\nes IHM zu geben.<\/p>\n<p><em>19. Juni 2014<\/em><\/p>\n<h4><em>Weil<\/em><\/h4>\n<p>Weil DU in DIR Liebe bist,<br \/>\nist in DIR ein DU.<br \/>\nWeil Liebe \u00fcberstr\u00f6mt,<br \/>\nkommt DEIN Sohn dazu.<\/p>\n<p>Weil DU IHN uns Erdenkindern<br \/>\nhast gegeben,<br \/>\nd\u00fcrfen wir erkennen,<br \/>\nwie es sich geziemt zu leben.<\/p>\n<p>Weil ich mich geschaffen wei\u00df-<br \/>\nTon den T\u00f6pfer-<br \/>\nsuche ich den Sch\u00f6pfer.<br \/>\nOder sucht in mir DEIN Geist?<\/p>\n<p>4. Juli 2014<\/p>\n<h4><em>In Deinem Sinn<\/em><\/h4>\n<p>Wer ist der Mensch, dass Du an ihn denkst?<br \/>\nIst er am Anfang Dein Gedanke?<br \/>\nUnd am Ende Antwort?<br \/>\nRuft Dein Denken mich ins Sein,<br \/>\nweil Du, der Seiende mich rufst?<\/p>\n<p>Dann w\u00e4re ich<br \/>\nohne Deinen Ruf<br \/>\nnicht<br \/>\ndie ich bin.<br \/>\nW\u00e4re ohne Antwort am Ende.<\/p>\n<p>Es ist mein Sinn in Deinem Sinn zu sein!<br \/>\nUnd die in Deinem Sinn<br \/>\nsind Dein<br \/>\nund nicht im All allein.<\/p>\n<p><em>22. Januar 2018<\/em><\/p>\n","protected":false},"excerpt":{"rendered":"<p>Im Herzen der Dreifaltigkeit Im Herzen der Dreifaltigkeit geborgen, das hie\u00dfe &#8211; hier auf dieser Welt zuhaus. Geborgen heute in des Tages Freud und Sorge und frei von \u00c4ngsten vor dem unw\u00e4gbaren Morgen. Im Herzen der Dreifaltigkeit geborgen wo Liebe durch die Liebe Liebe liebt, blieb mir im N\u00e4chsten l\u00e4nger nicht verborgen, wie ihn DEIN &hellip; <a href=\"https:\/\/luise-marcks.de\/?page_id=1309\" class=\"more-link\"><span class=\"screen-reader-text\">Ann\u00e4herungen (4)<\/span> weiterlesen<\/a><\/p>\n","protected":false},"author":1,"featured_media":427,"parent":175,"menu_order":0,"comment_status":"open","ping_status":"closed","template":"","meta":[],"_links":{"self":[{"href":"https:\/\/luise-marcks.de\/index.php?rest_route=\/wp\/v2\/pages\/1309"}],"collection":[{"href":"https:\/\/luise-marcks.de\/index.php?rest_route=\/wp\/v2\/pages"}],"about":[{"href":"https:\/\/luise-marcks.de\/index.php?rest_route=\/wp\/v2\/types\/page"}],"author":[{"embeddable":true,"href":"https:\/\/luise-marcks.de\/index.php?rest_route=\/wp\/v2\/users\/1"}],"replies":[{"embeddable":true,"href":"https:\/\/luise-marcks.de\/index.php?rest_route=%2Fwp%2Fv2%2Fcomments&post=1309"}],"version-history":[{"count":13,"href":"https:\/\/luise-marcks.de\/index.php?rest_route=\/wp\/v2\/pages\/1309\/revisions"}],"predecessor-version":[{"id":3811,"href":"https:\/\/luise-marcks.de\/index.php?rest_route=\/wp\/v2\/pages\/1309\/revisions\/3811"}],"up":[{"embeddable":true,"href":"https:\/\/luise-marcks.de\/index.php?rest_route=\/wp\/v2\/pages\/175"}],"wp:featuredmedia":[{"embeddable":true,"href":"https:\/\/luise-marcks.de\/index.php?rest_route=\/wp\/v2\/media\/427"}],"wp:attachment":[{"href":"https:\/\/luise-marcks.de\/index.php?rest_route=%2Fwp%2Fv2%2Fmedia&parent=1309"}],"curies":[{"name":"wp","href":"https:\/\/api.w.org\/{rel}","templated":true}]}}