{"id":1315,"date":"2015-02-06T11:45:57","date_gmt":"2015-02-06T10:45:57","guid":{"rendered":"http:\/\/luise-marcks.de\/?page_id=1315"},"modified":"2021-08-18T11:51:24","modified_gmt":"2021-08-18T10:51:24","slug":"enttaeuschungen-3","status":"publish","type":"page","link":"https:\/\/luise-marcks.de\/?page_id=1315","title":{"rendered":"Entt\u00e4uschungen (7)"},"content":{"rendered":"<h4><em>beistandsverweigerung<\/em><\/h4>\n<p>ich suche stand<br \/>bei dir,<br \/>aber du<br \/>verstehst nicht &#8211;<br \/>keiner verst\u00fcnde den anderen<br \/>sagst du<br \/>mich versetzend<\/p>\n<p>steh doch dazu,<br \/>dass du<br \/>neben mir<br \/>nicht sitzen magst<\/p>\n<p>so versessen bin ich auch nicht<br \/>auf deinen\u00a0beistand<br \/>ohne eigenstand<\/p>\n<p><em>18. September 2014<\/em><\/p>\n<h4><em>Vor sich hin d\u00fcmpeln<\/em><\/h4>\n<p>Das Segel der Vision abgetakelt.<br \/>Bedenkentr\u00e4ger ergreifen ein Ruder.<br \/>Rudern panisch.<\/p>\n<p>Rettungsboote werden zum beliebten Schlafplatz.<br \/>Seeb\u00e4ren ordnen im Schiffsbauch alte Karten.<br \/>Die Schiffskatze sucht vergeblich nach Ratten.<\/p>\n<p>Das zweite Ruder liegt ungenutzt.<\/p>\n<p><em>1. Dezember 2013<\/em><\/p>\n<h4>\u00a0<em>Wir kennen die Stunde<\/em><\/h4>\n<p>Wir schlafen gut,<br \/>denn wir kennen die Stunde<br \/>zu der der Dieb kommt.<\/p>\n<p>Die\u00a0Alarmanlage\u00a0ist<br \/>mit der Polizeistation vernetzt.<br \/>Und es \u00a0gibt bei uns nichts mehr\u00a0zu holen,<br \/>seit uns die Naherwartung<br \/>abhanden kam.<\/p>\n<p>zum 1. Advent 2013<\/p>\n<h4><em>Hier<\/em><\/h4>\n<p>Hier war es, war es einst,<br \/>dass ich Vertrauen fand.<br \/>Ich glaubte gar es sei<br \/>ein Zipfel vom gelobten Land.<br \/>Nun stapfe ich allein<br \/>bergw\u00e4rts<br \/>im nassen Gras<br \/>trotzig im Sonntagsgewand.<\/p>\n<p>Die H\u00fctten, jene drei,<br \/>gebaut von Kinderhand,<br \/>die stehen da wie neu<br \/>Sehnsucht in Form gebannt,<br \/>nach einem Bleibeort.<br \/>Dem Ort, den ich dort fand.<\/p>\n<p>Noch immer liegt der See,<br \/>das Haus, der Weg, der Hang,<br \/>es fehlt\u00a0und ist mir weh<br \/>um euch<br \/>und\u00a0um vertrauten Klang.<\/p>\n<p><em>27. Juli 2014<\/em><\/p>\n<h4><em>Nach Jahr und Tag<\/em><\/h4>\n<p>Pl\u00f6tzlich Gr\u00fc\u00dfe &#8211;<br \/>Dein Sprung \u00fcber dein Schweigen.<\/p>\n<p>Mutig, die Worte \u00fcber die Alpen zu werfen,<br \/>hinein in die unbekannte Stabiltas.<\/p>\n<p>Weil ich aufgeh\u00f6rt habe zu warten,<br \/>weil ich aufgeh\u00f6rt habe zu hoffen,<br \/>sind sie mir ein ferner Klang,<br \/>wie aus einer anderen Zeit.<\/p>\n<p>Vielleicht kommt einmal sp\u00e4ter,<br \/>wie ein Echo,\u00a0 ein Gef\u00fchl bei mir an?<\/p>\n<p><em>12. Februar 2014<\/em><\/p>\n<h4>\u00a0<em>\u00dcbergang<\/em><\/h4>\n<p>Hinter mir die abgebrochenen Br\u00fccken,<br \/>die entbundenen, unfruchtbaren Bindungen.<\/p>\n<p>Allein stehen, gehen, fallen.<br \/>Selbst\u00e4ndig,<br \/>Einsam.<\/p>\n<p>Nicht zur\u00fcckschauen.<br \/>Dem alten nicht nachsinnen.<br \/>Immer wieder aufstehen.<\/p>\n<p>Vor mir &#8211;<br \/>ich wei\u00df es nicht &#8211;<br \/>begegnungsoffen<br \/>den \u00dcbergang aushalten.<\/p>\n<p><em>20. Februar 2014<\/em><\/p>\n<h4><em>Tropfsteinh\u00f6hle<\/em><\/h4>\n<p>Herzkammer, Tropfsteinh\u00f6hle<br \/>ungeweinter Tr\u00e4nen,<br \/>wenn mich ein Zapfen sticht<br \/>in die Eingeweide,<br \/>erinnert der Schmerz an der Stelle,<br \/>wo einst die\u00a0 Freudenspr\u00fcnge waren,<br \/>an das Verschwinden<br \/>meines Geliebten.<br \/>Bald knirscht mein Herz<br \/>beim Schlagen.<\/p>\n<p><em>1. Juni 2015<\/em><\/p>\n<h4><em>F\u00fcr m\u00f6glich halten<\/em><\/h4>\n<p>Man sollte<br \/>weil nicht sein kann<br \/>was nicht sein darf<br \/>nicht f\u00fcr m\u00f6glich halten<br \/>das menschenunm\u00f6gliche<br \/>das zwischenmenschenunm\u00f6gliche<br \/>was st\u00e4ndig<br \/>unanst\u00e4ndig<br \/>geschieht<\/p>\n<p><em>2. Juni 2014<\/em><\/p>\n<h4><em>Ist nicht<\/em><\/h4>\n<p>Im Vertrauten sein ist nicht im Vertrauen sein.<br \/>Wem, wen habe ich geglaubt? Bin ich get\u00e4uscht, entt\u00e4uscht?<br \/>War es ein Weg und ich bin weg, oder war es kein Weg?<br \/>Verhei\u00dfung zeitigt Erf\u00fcllung oder Entt\u00e4uschung,<br \/>weil die ewige Naherwartung menschenunm\u00f6glich ist.<br \/>Die ersten Gemeinden mit dem Evangelium einmal fertig.<\/p>\n<p><em>23. M\u00e4rz 2016<\/em><\/p>\n<h4><em>Mit Anstand begegnen<\/em><\/h4>\n<p>Welche Pein muss es sein<br \/>dem vermeintlich dir Vertrauten <br \/>heute neu ins Angesicht zu schauen.<br \/>Waren wir doch nur Genossen, <br \/>in jenen Zeiten die verflossen,<br \/>als wir Deutungseins uns w\u00e4hnten.<\/p>\n<p>Nun liegt zwischen uns als H\u00fcrde &#8211;<br \/>Tr\u00e4gst du schwer an dieser B\u00fcrde?<br \/>Dass du meine Sicht nicht kennst<br \/>und mich nicht als Bruder w\u00e4hnst.<\/p>\n<p>Doch der ganz normale Gru\u00df &#8211;<br \/>W\u00e4re der ein Judaskuss?<br \/>Wer w\u00e4re denn dabei verraten?<br \/>Wer k\u00e4me dadurch zu schaden?<\/p>\n<p>Stimmt &#8211; wir k\u00f6nnten es nicht lassen.<br \/>M\u00fcssten uns mit &#8222;Einst&#8220; befassen.<br \/>Selbst wenn wir nur Smalltalk trieben.<br \/>&#8222;Seht, wie sie einander lieben&#8220;,<br \/>st\u00e4nd als Frage hinter allen Worten,<br \/>schreckt uns nun an ungewohnten Orten.<\/p>\n<p>Ist halt schwer mit Abstand zu begegnen.<br \/>Ach, lass uns die Altgewordenen segnen.<\/p>\n<p>\u00a0<\/p>\n\n\n<p><\/p>\n","protected":false},"excerpt":{"rendered":"<p>beistandsverweigerung ich suche standbei dir,aber duverstehst nicht &#8211;keiner verst\u00fcnde den anderensagst dumich versetzend steh doch dazu,dass duneben mirnicht sitzen magst so versessen bin ich auch nichtauf deinen\u00a0beistandohne eigenstand 18. September 2014 Vor sich hin d\u00fcmpeln Das Segel der Vision abgetakelt.Bedenkentr\u00e4ger ergreifen ein Ruder.Rudern panisch. Rettungsboote werden zum beliebten Schlafplatz.Seeb\u00e4ren ordnen im Schiffsbauch alte Karten.Die Schiffskatze &hellip; <a href=\"https:\/\/luise-marcks.de\/?page_id=1315\" class=\"more-link\"><span class=\"screen-reader-text\">Entt\u00e4uschungen (7)<\/span> weiterlesen<\/a><\/p>\n","protected":false},"author":1,"featured_media":1332,"parent":55,"menu_order":4,"comment_status":"open","ping_status":"open","template":"","meta":[],"_links":{"self":[{"href":"https:\/\/luise-marcks.de\/index.php?rest_route=\/wp\/v2\/pages\/1315"}],"collection":[{"href":"https:\/\/luise-marcks.de\/index.php?rest_route=\/wp\/v2\/pages"}],"about":[{"href":"https:\/\/luise-marcks.de\/index.php?rest_route=\/wp\/v2\/types\/page"}],"author":[{"embeddable":true,"href":"https:\/\/luise-marcks.de\/index.php?rest_route=\/wp\/v2\/users\/1"}],"replies":[{"embeddable":true,"href":"https:\/\/luise-marcks.de\/index.php?rest_route=%2Fwp%2Fv2%2Fcomments&post=1315"}],"version-history":[{"count":27,"href":"https:\/\/luise-marcks.de\/index.php?rest_route=\/wp\/v2\/pages\/1315\/revisions"}],"predecessor-version":[{"id":3994,"href":"https:\/\/luise-marcks.de\/index.php?rest_route=\/wp\/v2\/pages\/1315\/revisions\/3994"}],"up":[{"embeddable":true,"href":"https:\/\/luise-marcks.de\/index.php?rest_route=\/wp\/v2\/pages\/55"}],"wp:featuredmedia":[{"embeddable":true,"href":"https:\/\/luise-marcks.de\/index.php?rest_route=\/wp\/v2\/media\/1332"}],"wp:attachment":[{"href":"https:\/\/luise-marcks.de\/index.php?rest_route=%2Fwp%2Fv2%2Fmedia&parent=1315"}],"curies":[{"name":"wp","href":"https:\/\/api.w.org\/{rel}","templated":true}]}}