{"id":155,"date":"2013-05-15T21:33:17","date_gmt":"2013-05-15T19:33:17","guid":{"rendered":"http:\/\/www.martinaminges.eu\/luiseMarcks\/?page_id=155"},"modified":"2016-01-24T13:59:35","modified_gmt":"2016-01-24T12:59:35","slug":"heimliches","status":"publish","type":"page","link":"https:\/\/luise-marcks.de\/?page_id=155","title":{"rendered":"Heimliches (6)"},"content":{"rendered":"<h4><em>Unabk\u00f6mmlich<\/em><\/h4>\n<p>\u00dcberall habe ich mich<br \/>\nals abk\u00f6mmlich erwiesen.<br \/>\nDer Garten, wieder Parkplatz,<br \/>\nder Betrieb geschlossen<br \/>\noder ohne mich weitergef\u00fchrt.<br \/>\nErst als ich starb &#8211; endlich &#8211;<br \/>\nging meine Welt mit mir unter.<br \/>\nVielleicht ein paar Wortspuren noch<br \/>\nin den Welten anderer?<\/p>\n<p><em>24. Januar 2016<\/em><\/p>\n<h4><em>Weh<\/em><\/h4>\n<p>Im Laufe meines Lebens<br \/>\nentdecke ich<br \/>\nschmerzlich<br \/>\nmeine Vielgliedrigkeit<br \/>\nerleide<br \/>\ngleid- und gelenkweise<br \/>\ndass ich mehr bin<br \/>\nals angenommen.<br \/>\nNur mein Kopf<br \/>\nwar mir<br \/>\nimmer schon<br \/>\nweh<br \/>\nvertraut.<\/p>\n<h4>\u00a0<em>Heimliches<\/em><\/h4>\n<p>Ein Heim suchen &#8211; ein helles, klares Heim<br \/>\nohne unheimliche Winkel,<br \/>\nwo Ur\u00e4ngste lauern.<br \/>\nEin Heim suchen &#8211; anklopfen, fragen:<br \/>\n&#8222;Nimmst du mich auf? Bist du mein Bleibeort?&#8220;<\/p>\n<p>Der Koffer hat R\u00e4der.<br \/>\nEr f\u00e4hrt alleine fort.<br \/>\nIch bleibe.<br \/>\nHier.<\/p>\n<p><em>15. Mai 2013<\/em><\/p>\n<p><em><strong>Verr\u00fcckt werden<\/strong><\/em><\/p>\n<p>Wie wenn die Aug\u00e4pfel<br \/>\nder Klappaugenpuppe nach Innen kippen<\/p>\n<p>schwarz und hohl<br \/>\ndas Innere meines Kopfes<\/p>\n<p>bin ich noch?<\/p>\n<p>2012<\/p>\n<p><em><strong>Nichts<\/strong><\/em><\/p>\n<p>Auf der Suche nach Antwort<br \/>\nging die Frage verloren.<br \/>\nIch irre durch die Versatzst\u00fccke meines Lebens,<br \/>\ndies ergreifend, jenes fallenlassend,<br \/>\nhierhin und dorthin<br \/>\nund finde<\/p>\n<p>nichts!<\/p>\n<p>2012<\/p>\n<h4>\u00a0<em>Aufgesch\u00fcrft<\/em><\/h4>\n<p>Vors\u00e4tze verstauben<br \/>\nin der Zimmerecke<br \/>\naufgestapelt, liegengelassen, weggeschoben.<br \/>\n&#8222;Ab Morgen&#8220; &#8211; Fehler Nummer eins &#8211;\u00a0 &#8222;wird alles besser&#8220;:<br \/>\nSeit gestern h\u00e4tte ich regelm\u00e4\u00dfig meine Fr\u00fchgymnastik gemacht,<br \/>\nmich erhoben, dankbar f\u00fcr so viel Willensst\u00e4rke und Beweglichkeit.<br \/>\nErhobenen Hauptes w\u00fcrde ich auch solche Dinge geschafft haben wie:<\/p>\n<p>Steuerjahresausgleichsformular ausf\u00fcllen,<br \/>\nFrauenarztvorsorgetermin ausmachen, &#8230;<\/p>\n<p>Alles w\u00e4re mir, h\u00e4tte ich seit gestern, ein Leichtes gewesen &#8211;<\/p>\n<p>Da hab ich mir,<br \/>\nstolpernd \u00fcber den Stapel guter Vors\u00e4tze<br \/>\ndas Selbstbewusstsein aufgesch\u00fcrft.<br \/>\nLecke Wunden &#8211;\u00a0 sollte mal wieder Staub wischen &#8211; morgen.<\/p>\n<p><em>27. Mai 2013<\/em><\/p>\n<h4><em>Z\u00e4rtliche Eigenliebe<\/em><\/h4>\n<p>Du erkennst mein Begehren,<br \/>\nersp\u00fcrst, wo ich des Lobs bed\u00fcrftig,<br \/>\ngibst, wenn ich brauche, was ich brauche<br \/>\naus eigenem mir das Meine.<br \/>\nBis in die letzte Seelenfalte<br \/>\nbin ich von dir durchschaut.<\/p>\n<p>Bin ich gekr\u00e4nkt &#8211; du tr\u00f6stest mich.<br \/>\nBin ich erz\u00fcrnt &#8211; du s\u00e4nftigst mich.<br \/>\nH\u00f6r ich Kritik &#8211; du verteidigst mich.<\/p>\n<p>Dein einziger Mangel &#8211; du,<br \/>\ndu z\u00e4rtlich Eigenliebe:<br \/>\nDass ich allein in dir<br \/>\nnicht widerlieben kann.<br \/>\nNur ich und ich in mir.<br \/>\nAllein! Allein? Allein!<\/p>\n<p><em>1. Mai 2015<\/em><\/p>\n<p>&nbsp;<\/p>\n","protected":false},"excerpt":{"rendered":"<p>Unabk\u00f6mmlich \u00dcberall habe ich mich als abk\u00f6mmlich erwiesen. Der Garten, wieder Parkplatz, der Betrieb geschlossen oder ohne mich weitergef\u00fchrt. Erst als ich starb &#8211; endlich &#8211; ging meine Welt mit mir unter. Vielleicht ein paar Wortspuren noch in den Welten anderer? 24. Januar 2016 Weh Im Laufe meines Lebens entdecke ich schmerzlich meine Vielgliedrigkeit erleide &hellip; <a href=\"https:\/\/luise-marcks.de\/?page_id=155\" class=\"more-link\"><span class=\"screen-reader-text\">Heimliches (6)<\/span> weiterlesen<\/a><\/p>\n","protected":false},"author":1,"featured_media":329,"parent":55,"menu_order":0,"comment_status":"open","ping_status":"open","template":"","meta":[],"_links":{"self":[{"href":"https:\/\/luise-marcks.de\/index.php?rest_route=\/wp\/v2\/pages\/155"}],"collection":[{"href":"https:\/\/luise-marcks.de\/index.php?rest_route=\/wp\/v2\/pages"}],"about":[{"href":"https:\/\/luise-marcks.de\/index.php?rest_route=\/wp\/v2\/types\/page"}],"author":[{"embeddable":true,"href":"https:\/\/luise-marcks.de\/index.php?rest_route=\/wp\/v2\/users\/1"}],"replies":[{"embeddable":true,"href":"https:\/\/luise-marcks.de\/index.php?rest_route=%2Fwp%2Fv2%2Fcomments&post=155"}],"version-history":[{"count":12,"href":"https:\/\/luise-marcks.de\/index.php?rest_route=\/wp\/v2\/pages\/155\/revisions"}],"predecessor-version":[{"id":3045,"href":"https:\/\/luise-marcks.de\/index.php?rest_route=\/wp\/v2\/pages\/155\/revisions\/3045"}],"up":[{"embeddable":true,"href":"https:\/\/luise-marcks.de\/index.php?rest_route=\/wp\/v2\/pages\/55"}],"wp:featuredmedia":[{"embeddable":true,"href":"https:\/\/luise-marcks.de\/index.php?rest_route=\/wp\/v2\/media\/329"}],"wp:attachment":[{"href":"https:\/\/luise-marcks.de\/index.php?rest_route=%2Fwp%2Fv2%2Fmedia&parent=155"}],"curies":[{"name":"wp","href":"https:\/\/api.w.org\/{rel}","templated":true}]}}