{"id":158,"date":"2013-05-15T21:34:13","date_gmt":"2013-05-15T19:34:13","guid":{"rendered":"http:\/\/www.martinaminges.eu\/luiseMarcks\/?page_id=158"},"modified":"2021-08-18T14:57:17","modified_gmt":"2021-08-18T13:57:17","slug":"kindliches","status":"publish","type":"page","link":"https:\/\/luise-marcks.de\/?page_id=158","title":{"rendered":"Kindliches (7)"},"content":{"rendered":"<h4>&nbsp;<em>Wolfskind<\/em><\/h4>\n<p>Liebeshungrig<br \/>\nalle kratzen,<br \/>\ndie ich lieb<br \/>\nmit b\u00f6ser Fratze.<br \/>\nWill nicht liebsein<br \/>\num geliebt zu werden.<br \/>\nWill geliebt sein<br \/>\nweil ich bin auf Erden.<br \/>\nMeine unstillbare Liebesgier &#8211;<br \/>\nWer stillt sie mir?<br \/>\nKratze, bei\u00dfe, jaule, heule.<br \/>\nOrtlos schalt mein Klagelaut.<br \/>\nDurch die W\u00e4lder, durch die D\u00f6rfer,<br \/>\nheul ich, dass den Kindern graut.<br \/>\nAch, wer stillt mir mein Verlangen,<br \/>\ndass nicht Ma\u00df noch Ende hat.<br \/>\nAch wer geht mit mir den langen<br \/>\nWeg der Z\u00e4hmung, ach, wer hat<br \/>\ndiese Liebe, die verst\u00fcnde,<br \/>\ndass mein Kratzen Z\u00e4rtlichkeit,<br \/>\nwer mein Bei\u00dfen \u00fcberwindet,<br \/>\nach, wer teilt mit mir das Leid,<br \/>\ndass als Wolfskind ich geboren,<br \/>\nund zerrissen ist mein Sein.<br \/>\nLiebt mich, sonst bin ich verloren,<br \/>\nkann ja leben nicht allein.<\/p>\n<p><em>20. Juni 2015<\/em><\/p>\n<h4><em>Schrumpforte<\/em><\/h4>\n<p>Die Mauer um den Kindergarten wurde geschleift,<br \/>\ndas Tor enger gemacht.<br \/>\nSelbst das Geb\u00e4ude ist geschrumpft.<br \/>\n&#8211;&nbsp;&nbsp; Oder bin ich gewachsen?<\/p>\n<h4>&nbsp;<em>Orte der Kindheit<\/em><\/h4>\n<p>Die Orte der Kindheit sind Orte,<br \/>\nweil sie Namen haben.<br \/>\nSchwarzk\u00e4ferplatz, zur krummen Kiefer, am B\u00e4chle,<br \/>\nsind Orte,<br \/>\nweil ich vertraut wurden mit ihnen.<\/p>\n<p>Der K\u00e4fer entschwunden,<br \/>\ndie Kiefer gef\u00e4llt, der Bach kanalisiert &#8211;<br \/>\nbleibt der vertraute Name.<\/p>\n<h4><em>Erlieben<\/em><\/h4>\n<p>Bleiben d\u00fcrfen,<br \/>\nwiederkommen.<br \/>\nEine Landschaft<br \/>\nmit Geschichten f\u00fcllen,<br \/>\ndie mich erwarten.<\/p>\n<p><em>2012<\/em><\/p>\n<h4><em>Ungeborgen<\/em><\/h4>\n<p>Ungeborgen<br \/>\nharre ich aus<br \/>\nim Schneckenhaus<br \/>\nder Ichgefangenschaft,<br \/>\ndas mich bewahrt<br \/>\nvor den Risiken uns<br \/>\nNebenwirkungen<br \/>\nder Freiheit.<\/p>\n<p><em>2. M\u00e4rz 2015<\/em><\/p>\n<h4><em>Wie damals<\/em><\/h4>\n<p>Hinter meinem Bruder herstrampeln<br \/>\nauf dem kleinen Rad<br \/>\nohne Gangschaltung.<\/p>\n<p>Nicht zugeben,<br \/>\nwie sehr ich mich abstrample,<br \/>\nhinterher k. o.<\/p>\n<p>Pl\u00f6tzlich ist Kinderzeit Gegenwart.<br \/>\nWie damals k\u00fcrze ich ab<br \/>\n\u00fcber die Treppe<br \/>\nmit dem kleinen Rad.<br \/>\nErste!<br \/>\nOhne Gangschaltung.<\/p>\n<p>Er, souver\u00e4n, l\u00e4sst\u00b4s geschehn,<br \/>\nwie damals.<br \/>\nAls h\u00e4tte er mich gewinnen lassen.<\/p>\n<p><em>27. Februar 2014<\/em><\/p>\n<h4><em>Wegen mir<\/em><\/h4>\n<p>Weil ich friere ist die Welt so kalt.<br \/>\nWeil die Gelenke knirschen f\u00fchle ich mich alt.<br \/>\nWeil die Z\u00e4hne wehtun ist die Welt so schlecht.<\/p>\n<p>Wenn\u00b4s mir gut geht, und nur dann, ist sie gerecht.<\/p>\n<p><em>November 2011<\/em><\/p>\n","protected":false},"excerpt":{"rendered":"<p>&nbsp;Wolfskind Liebeshungrig alle kratzen, die ich lieb mit b\u00f6ser Fratze. Will nicht liebsein um geliebt zu werden. Will geliebt sein weil ich bin auf Erden. Meine unstillbare Liebesgier &#8211; Wer stillt sie mir? Kratze, bei\u00dfe, jaule, heule. Ortlos schalt mein Klagelaut. Durch die W\u00e4lder, durch die D\u00f6rfer, heul ich, dass den Kindern graut. Ach, wer &hellip; <a href=\"https:\/\/luise-marcks.de\/?page_id=158\" class=\"more-link\"><span class=\"screen-reader-text\">Kindliches (7)<\/span> weiterlesen<\/a><\/p>\n","protected":false},"author":1,"featured_media":1427,"parent":55,"menu_order":0,"comment_status":"open","ping_status":"open","template":"","meta":[],"_links":{"self":[{"href":"https:\/\/luise-marcks.de\/index.php?rest_route=\/wp\/v2\/pages\/158"}],"collection":[{"href":"https:\/\/luise-marcks.de\/index.php?rest_route=\/wp\/v2\/pages"}],"about":[{"href":"https:\/\/luise-marcks.de\/index.php?rest_route=\/wp\/v2\/types\/page"}],"author":[{"embeddable":true,"href":"https:\/\/luise-marcks.de\/index.php?rest_route=\/wp\/v2\/users\/1"}],"replies":[{"embeddable":true,"href":"https:\/\/luise-marcks.de\/index.php?rest_route=%2Fwp%2Fv2%2Fcomments&post=158"}],"version-history":[{"count":17,"href":"https:\/\/luise-marcks.de\/index.php?rest_route=\/wp\/v2\/pages\/158\/revisions"}],"predecessor-version":[{"id":4013,"href":"https:\/\/luise-marcks.de\/index.php?rest_route=\/wp\/v2\/pages\/158\/revisions\/4013"}],"up":[{"embeddable":true,"href":"https:\/\/luise-marcks.de\/index.php?rest_route=\/wp\/v2\/pages\/55"}],"wp:featuredmedia":[{"embeddable":true,"href":"https:\/\/luise-marcks.de\/index.php?rest_route=\/wp\/v2\/media\/1427"}],"wp:attachment":[{"href":"https:\/\/luise-marcks.de\/index.php?rest_route=%2Fwp%2Fv2%2Fmedia&parent=158"}],"curies":[{"name":"wp","href":"https:\/\/api.w.org\/{rel}","templated":true}]}}