{"id":161,"date":"2013-05-15T21:36:02","date_gmt":"2013-05-15T19:36:02","guid":{"rendered":"http:\/\/www.martinaminges.eu\/luiseMarcks\/?page_id=161"},"modified":"2017-12-01T20:18:57","modified_gmt":"2017-12-01T19:18:57","slug":"aphorismen","status":"publish","type":"page","link":"https:\/\/luise-marcks.de\/?page_id=161","title":{"rendered":"Kurztexte 2013\/2014 (21)"},"content":{"rendered":"<h4><em><strong>Gottlosigkeit<\/strong><\/em><\/h4>\n<p>Wenn DU die Liebe bist<br \/>\nist Lieblosigkeit Gottlosigkeit.<\/p>\n<p>Der Liebe Gegenspieler &#8211; Hass?<br \/>\noder<br \/>\nGleichg\u00fcltigkeit?<\/p>\n<p><em>17. Mai 2013<\/em><\/p>\n<h4><em>Die W\u00fcrze<\/em><\/h4>\n<p>&#8222;In der K\u00fcrze liegt die W\u00fcrze!&#8220;<br \/>\nDarum bitte nur in kleinen Dosen &#8211;<br \/>\nunbek\u00f6mmlich ist es in zu gro\u00dfen.<\/p>\n<h4><em>Neu verkleidet<\/em><\/h4>\n<p>Die nackte Wahrheit<br \/>\nzieht niemanden an.<br \/>\nAuch wenn Kinder und Narren<br \/>\ndes Kaisers neue Kleider<br \/>\nnicht sehen<br \/>\nwirkt Enth\u00fcllung<br \/>\nwieder Verkleidung.<\/p>\n<p><em>16. Mai 2013<\/em><\/p>\n<h4><em>Noble Gefangenschaft<\/em><\/h4>\n<p>Reichtum schafft sich sein eigenes Gef\u00e4ngnis &#8211;<br \/>\nselbstgew\u00e4hlte Designergitter<br \/>\nSwimmingpool im Hochsicherheitstrakt &#8211;<br \/>\nund nat\u00fcrlich ein Wachhund<\/p>\n<p><em>16. Ma i 2013<\/em><\/p>\n<h4><em>Selbstwert<\/em><\/h4>\n<p>Wer alles f\u00fcr k\u00e4uflich h\u00e4lt<br \/>\nwird zum Scheinwesen.<br \/>\nSobald die Barkasse davonschwimmt<br \/>\nwird er unscheinbar.<\/p>\n<p><em>16. Mai 2013<\/em><\/p>\n<h4><em>Euphemismus<\/em><\/h4>\n<p>Im Baumarkt<br \/>\nSchmutzmatte,<br \/>\nFu\u00dfabstreifer<br \/>\ngesucht.<\/p>\n<p>Es gibt nur noch<br \/>\nden Sauberlaufteppich.<\/p>\n<p><em>25. Juni 2013<\/em><\/p>\n<h4><em>Endlich<\/em><\/h4>\n<p>Das Leben ist endlich &#8211;<br \/>\nEndlich leben!<\/p>\n<p>***<\/p>\n<p>&#8222;Endlich&#8220; &#8211; gestillte Naherwartung<\/p>\n<p>***<\/p>\n<p>Verschiedene\u00a0Gegenteile &#8211; eine Glaubensfrage?<br \/>\nEndlich &#8211; ewig<br \/>\nEndlich &#8211; nie<\/p>\n<p><em>26. Mai 2013<\/em><\/p>\n<h4><em>Darwins Irrtum<\/em><\/h4>\n<p>Eine Herde<br \/>\nmit lauter Alphatieren<br \/>\nkommt auch nicht schneller<br \/>\nzum Ziel.<\/p>\n<h4><em>Freier Fall<\/em><\/h4>\n<p>Auch er &#8211; in seiner Richtung festgelegt<\/p>\n<h4><em>\u00a0Fehlgeleitete Seligkeit<\/em><\/h4>\n<p>Feindselig &#8211; was f\u00fcr eine fehlgeleitete Seligkeit!<br \/>\nLass uns doch freundselig werden.<\/p>\n<p><em>16.Mai 2013<\/em><\/p>\n<h4><em>\u00d6kumene<\/em><\/h4>\n<p>Schw\u00a0 erster Schritt &#8211; die \u00d6kumene unter den Katholiken.<\/p>\n<p><em>22. Juni 2013<\/em><\/p>\n<h4><em>\u00a0Abnehmen<\/em><\/h4>\n<p>Ab und zu!<\/p>\n<p>Abnehmen &#8211; zwei Seelen hab ich, ach, in meinem Leib.<\/p>\n<p>Abnehmen &#8211; Selbstverbrennung auf Raten.<\/p>\n<p>Wer d\u00fcnn ist, bietet weniger Angriffsfl\u00e4che.<\/p>\n<p>Gerne, dir deine Arbeit, aber nicht mir meine Gewichtigkeit!<\/p>\n<p><em>12. Juni 2013<\/em><\/p>\n<h4>\u00a0<em>Lyrik im Netz<\/em><\/h4>\n<div class=\"entry-content\">\n<p>\u00a0Weltweiter Zugriff<br \/>\nauf geformte Intimsph\u00e4re.<\/p>\n<p>Kein Baum f\u00e4llt ihr zum Opfer.<br \/>\nKein Raum f\u00e4llt ihr zum Opfer.<\/p>\n<p>Vielleicht der Traum<br \/>\nvon einem Lyrikband<br \/>\naus eigner Hand?<\/p>\n<p><em>16.10.2013<\/em><\/p>\n<h4><em>Autorit\u00e4t<\/em><\/h4>\n<p>Wer sie nicht anerkennt, vermag sie nicht zu \u00fcben.<\/p>\n<p><em>10. Oktober 2013<\/em><\/p>\n<h4>\u00a0<em>Feigenblatt<\/em><\/h4>\n<p>Zu feig f\u00fcr die Wahrheit &#8211; Feigenblatt.<\/p>\n<p><em>10. Oktober 2013<\/em><\/p>\n<h4><em>Lebens&#8230;<\/em><\/h4>\n<p>Der Lebensk\u00fcnstler lebt selten von der Kunst.<\/p>\n<p>Der Lebenshungrige &#8211; nicht immer der Mensch,<br \/>\nder das Leben sucht,<br \/>\nmanch einer sucht nur andere Umst\u00e4nde,<br \/>\nersehnt das Eigentliche, das er stets dort vermutet,<br \/>\nwo er gerade nicht ist.<\/p>\n<p>Der Lebenssatte hat das Leben nicht satt.<br \/>\nEr hat sein Ma\u00df erf\u00fcllt gefunden.<br \/>\nAuch das, was gerade noch gefehlt hat,<br \/>\nkann er gelassen entgegennehmen.<\/p>\n<p><em>19. Juni 2013<\/em><\/p>\n<h4>\u00a0 <em>N\u00e4chstenliebe<\/em><\/h4>\n<p>Ist N\u00e4chstenliebe unm\u00f6glich?<br \/>\nOder ist es nur er?<\/p>\n<p><em>7. August 2014<\/em><\/p>\n<h4><em>Allein<\/em><\/h4>\n<p>Wer sich allein glaubt<\/p>\n<p>glaubt nicht.<\/p>\n<p><em>15.12.2014<\/em><\/p>\n<h4><em>Vollkommen<\/em><\/h4>\n<p>W\u00e4ren wir vollkommen,<br \/>\nw\u00e4ren wir voll<br \/>\nohne DEIN Kommen.<\/p>\n<p><em>16.12.14<\/em><\/p>\n<h4><em>Einsatzfreude<\/em><\/h4>\n<p>sich<br \/>\nfassen<\/p>\n<p>kurz<br \/>\nweilig<\/p>\n<p><em>24. M\u00e4rz 2014<\/em><\/p>\n<h4><em>Meditation<\/em><\/h4>\n<p>H\u00f6ren<br \/>\nin sich<br \/>\nauf Dich.<\/p>\n<p><em>2. M\u00e4rz 2014<\/em><\/p>\n<\/div>\n","protected":false},"excerpt":{"rendered":"<p>Gottlosigkeit Wenn DU die Liebe bist ist Lieblosigkeit Gottlosigkeit. Der Liebe Gegenspieler &#8211; Hass? oder Gleichg\u00fcltigkeit? 17. Mai 2013 Die W\u00fcrze &#8222;In der K\u00fcrze liegt die W\u00fcrze!&#8220; Darum bitte nur in kleinen Dosen &#8211; unbek\u00f6mmlich ist es in zu gro\u00dfen. Neu verkleidet Die nackte Wahrheit zieht niemanden an. Auch wenn Kinder und Narren des Kaisers &hellip; <a href=\"https:\/\/luise-marcks.de\/?page_id=161\" class=\"more-link\"><span class=\"screen-reader-text\">Kurztexte 2013\/2014 (21)<\/span> weiterlesen<\/a><\/p>\n","protected":false},"author":1,"featured_media":358,"parent":0,"menu_order":0,"comment_status":"open","ping_status":"open","template":"","meta":[],"_links":{"self":[{"href":"https:\/\/luise-marcks.de\/index.php?rest_route=\/wp\/v2\/pages\/161"}],"collection":[{"href":"https:\/\/luise-marcks.de\/index.php?rest_route=\/wp\/v2\/pages"}],"about":[{"href":"https:\/\/luise-marcks.de\/index.php?rest_route=\/wp\/v2\/types\/page"}],"author":[{"embeddable":true,"href":"https:\/\/luise-marcks.de\/index.php?rest_route=\/wp\/v2\/users\/1"}],"replies":[{"embeddable":true,"href":"https:\/\/luise-marcks.de\/index.php?rest_route=%2Fwp%2Fv2%2Fcomments&post=161"}],"version-history":[{"count":34,"href":"https:\/\/luise-marcks.de\/index.php?rest_route=\/wp\/v2\/pages\/161\/revisions"}],"predecessor-version":[{"id":3502,"href":"https:\/\/luise-marcks.de\/index.php?rest_route=\/wp\/v2\/pages\/161\/revisions\/3502"}],"wp:featuredmedia":[{"embeddable":true,"href":"https:\/\/luise-marcks.de\/index.php?rest_route=\/wp\/v2\/media\/358"}],"wp:attachment":[{"href":"https:\/\/luise-marcks.de\/index.php?rest_route=%2Fwp%2Fv2%2Fmedia&parent=161"}],"curies":[{"name":"wp","href":"https:\/\/api.w.org\/{rel}","templated":true}]}}