{"id":1866,"date":"2015-02-20T21:03:51","date_gmt":"2015-02-20T20:03:51","guid":{"rendered":"http:\/\/luise-marcks.de\/?page_id=1866"},"modified":"2017-12-01T20:22:48","modified_gmt":"2017-12-01T19:22:48","slug":"kurztexte-2015","status":"publish","type":"page","link":"https:\/\/luise-marcks.de\/?page_id=1866","title":{"rendered":"Kurztexte 2015\/2016 (42)"},"content":{"rendered":"<h4><em>Fastenzeit<\/em><\/h4>\n<p>Wer kontrolliert mich eigentlich,<br \/>\nda ich es nicht vermag?<\/p>\n<p>Mangelnde Disziplin<br \/>\nbeschr\u00e4nkt meine Freiheit erheblich.<\/p>\n<p><em>20.2.2015<\/em><\/p>\n<h4><em>Reisen<\/em><\/h4>\n<p>Gratwanderung zwischen noch nie und nie mehr.<\/p>\n<p><em>19.2.2015<\/em><\/p>\n<h4><em>Fotographieren<\/em><\/h4>\n<p>Eine Frage der Einstellung.<\/p>\n<p>Nicht objektiv.<\/p>\n<p><em>20.2.2015<\/em><\/p>\n<h4><em><strong>Leiden<\/strong><\/em><\/h4>\n<p>Die Annahme des Leidens macht es nicht annehmlich.<\/p>\n<p>30.3.2015<\/p>\n<h4><em><strong>Dinglustig<\/strong><\/em><\/h4>\n<p>Dinglustig &#8211; dinglastig,<br \/>\nleselustig &#8211; buchlastig,<br \/>\nwanderlustig &#8211; rucksacklastig.<\/p>\n<h4><strong><em>Tonsinn<\/em><\/strong><\/h4>\n<p>Ich habe mich zum Gl\u00fcck entschieden.<br \/>\nIch habe mich zum <em>Gl\u00fcck\u00a0 <\/em>entschieden<\/p>\n<p><em>1. Mai 2015<\/em><\/p>\n<h4><strong><em>Lamentatio<\/em><\/strong><\/h4>\n<p>Nur auf die Gegenwart hin<br \/>\nmacht lamentieren Sinn.<\/p>\n<p><em>1. Mai 215<\/em><\/p>\n<h4><em>Lebertran<\/em><\/h4>\n<p>Warum, oh Eltern,<br \/>\nwollt ihr nur<br \/>\ndas beste f\u00fcr mich?<\/p>\n<p><em>11. Mai\u00a0 2015<\/em><\/p>\n<h4><em>Sprechen<\/em><\/h4>\n<p>Ich kann gedankenlos sprechen<br \/>\naber nicht sprachlos denken.<\/p>\n<p><em>14. Mai 2015<\/em><\/p>\n<h4><em>Dilemma<\/em><\/h4>\n<p>Toleriert Toleranz Intoleranz nicht<br \/>\nist sie nicht tolerant.<br \/>\nToleriet sie aber Intoleranz<br \/>\nist es am Ende\u00a0 das Ende<br \/>\nder Toleranz.<\/p>\n<p><em>15.5.2015<\/em><\/p>\n<p>&nbsp;<\/p>\n<h4><em>Ohne Zusammenhang<\/em><\/h4>\n<p>Ohne Zusammenhang<br \/>\nist nichts<br \/>\netwas.<\/p>\n<p><em>21.5.2015<\/em><\/p>\n<h4><em>Vergleichsweise harmlos<\/em><\/h4>\n<p>Alles, im Verh\u00e4ltnis zum noch schlimmeren.<\/p>\n<p>6.6.2015<\/p>\n<h4><em>Umwertung<\/em><\/h4>\n<p>Der Begriff &#8222;Raubkunst&#8220;<br \/>\nbef\u00f6rdert den Kunstr\u00e4uber<br \/>\nzum Raubk\u00fcnstler.<\/p>\n<p>6.6.2015<\/p>\n<h4><em>Dringlichkeit<\/em><\/h4>\n<p>G\u00e4ben wir doch dem Anruf Gottes<br \/>\ndie gleiche Dringlichkeit<br \/>\nwie dem L\u00e4uten unseres Handys&#8230;<\/p>\n<p>6.6.2015<\/p>\n<h4><em>Spenden<\/em><\/h4>\n<p>Verwirrung stiften,<br \/>\nwenn ich schon sonst nichts<br \/>\nspende.<\/p>\n<p>16.6.2015<\/p>\n<h4><em>Rat<\/em><\/h4>\n<p>Sich auf einen Schrank<br \/>\neinschr\u00e4nken.<\/p>\n<p>11. Novemer 2015<\/p>\n<pre><em>Neujahrsgr\u00fcbeleien<\/em><\/pre>\n<pre>Mensch - lass dir deine Einf\u00e4lle nicht davonschwimmen.<\/pre>\n<pre>Fortschritt entfernt vom Ursprung.<\/pre>\n<pre>Verdr\u00e4ngt das b\u00f6se Neue\r\n das gute Alte?<\/pre>\n<pre>Entgegen gehen oder Hinterherhinken?<\/pre>\n<pre>Unsere Hochkultur\r\n ein Ablenkungsman\u00f6ver?<\/pre>\n<pre>Ohne Anhaltspunkt vermag ich\r\n nicht einmal geradeaus zu gehen.<\/pre>\n<pre>Um sich auseinanderzusetzen\r\n m\u00fcssten wir uns zusammen setzen.\r\n Doch in welcher Zusammensetzung\r\n kann Auseinandersetzung gelingen?<\/pre>\n<pre><em>1. Januar 2016<\/em><\/pre>\n<pre><em>Unumg\u00e4nglich\r\n <\/em>\r\n Das umgangene Problem\r\n unseres Umgangs miteinander\r\n macht ein umg\u00e4nglich werden\r\n unumg\u00e4nglich.<\/pre>\n<pre><em>Hausfriedensbruch\r\n\r\n<\/em>Die Bruchst\u00fccke zusammenkehren\r\n vielleicht hilft Kontaktkleber\r\n ausfugen, einf\u00fcgen.\r\n Bruchst\u00fcck haft an Bruchst\u00fcck!<\/pre>\n<pre><em>Erl\u00f6st\r\n<\/em>Als zur Freiheit erl\u00f6ste\r\nsind wir gebunden.<\/pre>\n<pre><em>Hochmut\r\n<\/em>Hochmut macht s\u00fcndenfalls\u00fcchtig.<\/pre>\n<pre><em>Gottesfrage des Kindergartenkindes\r\n\r\n<\/em>Wer ist der Bestimmer?<\/pre>\n<pre><em>Lieber\r\n\r\n<\/em>Lieber lieb gehabt als Wert gesch\u00e4tzt.<\/pre>\n<pre><em>Leiden?<\/em>\r\n\r\nKannst du mich leiden oder nicht ausstehen?<\/pre>\n<pre><em>St\u00f6rung\r\n<\/em>\r\nWer sie definiert h\u00e4lt sich f\u00fcr ma\u00dfgeblich.\r\n\r\nSt\u00f6rung - Dazwischenkommen\r\nzwischen mich und meinen Eigenwillen.\r\n\r\nWer sich zu st\u00f6ren traut vertraut.<\/pre>\n<pre><em>Auferstehung<\/em>\r\nSEIN aufleuchten im Heute.<\/pre>\n<pre><em>Angst<\/em>\r\nAngst ist ein M\u00f6rder - ein M\u00f6glichkeitenm\u00f6rder.<\/pre>\n<pre><em>Keiner<\/em>\r\nWenn jeder in seiner Gemeinschaft den ausschlie\u00dfen k\u00f6nnte, \r\nohne den es besser w\u00e4re, bliebe nicht Einer.<\/pre>\n<pre><em>Im sch\u00f6nen Zimmer<\/em>\r\n\r\nIm sch\u00f6nen Zimmer, ja das gibt es noch, \r\nl\u00e4uft leichtbefu\u00dft die Spinne hinein ins Heizungsloch.\r\nEs ist ganz still, doch pl\u00f6tzlich tickt die Uhr.\r\nSieh, in der Zeit bleibt keine Spinnenspur.<\/pre>\n<pre>Wahn\r\nWarum gedeiht des Menschen Wahn so weit, \r\nder Glaubenswahn:Lenkt er die Welt, es g\u00e4b darin kein Leid? \r\nWarum steht immer einer auf und schreit: \r\n\"Ich hol den Himmel auf die Erde! Es ist Zeit?\"<\/pre>\n<pre>Selfie\r\nMein Selbstbild im Zerrspiegel des Armabstandes.\r\n\r\nSymbolschwund\r\nBequemlichkeit ist der Tod der Zeichenhandlung.\r\n\r\nAlle Fl\u00fcsse\r\nAlle Fl\u00fcsse flie\u00dfen ins Meer,\r\nes sei denn, sie versickern vorher.<\/pre>\n","protected":false},"excerpt":{"rendered":"<p>Fastenzeit Wer kontrolliert mich eigentlich, da ich es nicht vermag? Mangelnde Disziplin beschr\u00e4nkt meine Freiheit erheblich. 20.2.2015 Reisen Gratwanderung zwischen noch nie und nie mehr. 19.2.2015 Fotographieren Eine Frage der Einstellung. Nicht objektiv. 20.2.2015 Leiden Die Annahme des Leidens macht es nicht annehmlich. 30.3.2015 Dinglustig Dinglustig &#8211; dinglastig, leselustig &#8211; buchlastig, wanderlustig &#8211; rucksacklastig. Tonsinn &hellip; <a href=\"https:\/\/luise-marcks.de\/?page_id=1866\" class=\"more-link\"><span class=\"screen-reader-text\">Kurztexte 2015\/2016 (42)<\/span> weiterlesen<\/a><\/p>\n","protected":false},"author":1,"featured_media":1330,"parent":0,"menu_order":0,"comment_status":"open","ping_status":"open","template":"","meta":[],"_links":{"self":[{"href":"https:\/\/luise-marcks.de\/index.php?rest_route=\/wp\/v2\/pages\/1866"}],"collection":[{"href":"https:\/\/luise-marcks.de\/index.php?rest_route=\/wp\/v2\/pages"}],"about":[{"href":"https:\/\/luise-marcks.de\/index.php?rest_route=\/wp\/v2\/types\/page"}],"author":[{"embeddable":true,"href":"https:\/\/luise-marcks.de\/index.php?rest_route=\/wp\/v2\/users\/1"}],"replies":[{"embeddable":true,"href":"https:\/\/luise-marcks.de\/index.php?rest_route=%2Fwp%2Fv2%2Fcomments&post=1866"}],"version-history":[{"count":17,"href":"https:\/\/luise-marcks.de\/index.php?rest_route=\/wp\/v2\/pages\/1866\/revisions"}],"predecessor-version":[{"id":3505,"href":"https:\/\/luise-marcks.de\/index.php?rest_route=\/wp\/v2\/pages\/1866\/revisions\/3505"}],"wp:featuredmedia":[{"embeddable":true,"href":"https:\/\/luise-marcks.de\/index.php?rest_route=\/wp\/v2\/media\/1330"}],"wp:attachment":[{"href":"https:\/\/luise-marcks.de\/index.php?rest_route=%2Fwp%2Fv2%2Fmedia&parent=1866"}],"curies":[{"name":"wp","href":"https:\/\/api.w.org\/{rel}","templated":true}]}}