{"id":1999,"date":"2015-03-19T22:32:43","date_gmt":"2015-03-19T21:32:43","guid":{"rendered":"http:\/\/luise-marcks.de\/?page_id=1999"},"modified":"2016-02-09T13:15:45","modified_gmt":"2016-02-09T12:15:45","slug":"vaterbilder","status":"publish","type":"page","link":"https:\/\/luise-marcks.de\/?page_id=1999","title":{"rendered":"Von den V\u00e4tern (4)"},"content":{"rendered":"<h4><em>Vaterbilder<\/em><\/h4>\n<p>Zwei S\u00f6hne stehen am Grab,<br \/>\nam Grab ihres Vaters Abraham.<br \/>\nVater des Glaubens,<br \/>\nVater einer Menge,<br \/>\nVater von S\u00f6hnen<br \/>\ndie l\u00e4ngst selber V\u00e4ter geworden.<\/p>\n<p>Vater, der sehnsuchtsvoll empfing.<br \/>\nUnd dann doch in die W\u00fcste schickte,<br \/>\nmit der Sklavenmutter und dem Wasserbeutel.<\/p>\n<p>Vater, der sehnsuchtsvoll empfing.<br \/>\nUnd dennoch bereit war, das Kind der Verheissung<br \/>\nzu opfern, dem, den er als seinen Gott erkannte.<br \/>\nVater, der sich Einhalt bieten l\u00e4sst. Zuletzt.<\/p>\n<p>Vater, der enterbte,<br \/>\nVater, der beerbte,<br \/>\nVater, der seine j\u00fcngeren sechs S\u00f6hne<br \/>\nmit Geschenken ihrer Wege schickte.<\/p>\n<p>Vaterbilder &#8211; Gottesbilder.<\/p>\n<p>Zwei stehen am Grab ihres Vaters.<br \/>\nEin Vater &#8211; soviele Vaterbilder.<\/p>\n<p><em>19. M\u00e4rz 2015<\/em><\/p>\n<h4><em>Vorbild f\u00fcr die abrahamitischen Religionen<\/em><\/h4>\n<p>Im Tatmoment &#8211; &#8222;Gott will es&#8220;\u00a0 &#8211; ein offenes Ohr behalten.<\/p>\n<h4><em>Abraham glaubte Gott<\/em><\/h4>\n<p>Er glaubte dem Ruf<br \/>\nHeimatboden und Clan zu verlassen.<br \/>\nEr glaubte der Verheissung<br \/>\nVater vieler V\u00f6lker zu werden.<br \/>\nEr glaubte dem Anspruch Gottes<br \/>\nauf das Leben des Sohnes.<br \/>\nUnd er glaubte dem Engel,<br \/>\nder ihm Einhalt gebot.<\/p>\n<p>Je jetzt h\u00f6rend<br \/>\nwurde er<br \/>\nVater im Glauben<br \/>\nan den<br \/>\nlebendigen Gott.<\/p>\n<p><em>1. April 2015<\/em><\/p>\n<h4><em>Glaubensm\u00fctter<\/em><\/h4>\n<p>Gepriesen sei der Gott<br \/>\nSaras, Rebeccas und Rahels,<\/p>\n<p>der M\u00fctter, die die Hand der V\u00e4ter<br \/>\nzum Segnen leiten.<br \/>\nDie mit Kraft, List, Liebe<br \/>\ndie Spur legten<br \/>\n\u00fcber ihre S\u00f6hne.<\/p>\n<p>Gepriesen sei der Gott<br \/>\nSaras, Rebeccas und Rahels,<br \/>\nder zul\u00e4sst das Eingreifen<br \/>\nin seine Pl\u00e4ne.<\/p>\n<p><em>20. M\u00e4rz 2015<\/em><\/p>\n","protected":false},"excerpt":{"rendered":"<p>Vaterbilder Zwei S\u00f6hne stehen am Grab, am Grab ihres Vaters Abraham. Vater des Glaubens, Vater einer Menge, Vater von S\u00f6hnen die l\u00e4ngst selber V\u00e4ter geworden. Vater, der sehnsuchtsvoll empfing. Und dann doch in die W\u00fcste schickte, mit der Sklavenmutter und dem Wasserbeutel. Vater, der sehnsuchtsvoll empfing. Und dennoch bereit war, das Kind der Verheissung zu &hellip; <a href=\"https:\/\/luise-marcks.de\/?page_id=1999\" class=\"more-link\"><span class=\"screen-reader-text\">Von den V\u00e4tern (4)<\/span> weiterlesen<\/a><\/p>\n","protected":false},"author":1,"featured_media":769,"parent":655,"menu_order":2,"comment_status":"open","ping_status":"open","template":"","meta":[],"_links":{"self":[{"href":"https:\/\/luise-marcks.de\/index.php?rest_route=\/wp\/v2\/pages\/1999"}],"collection":[{"href":"https:\/\/luise-marcks.de\/index.php?rest_route=\/wp\/v2\/pages"}],"about":[{"href":"https:\/\/luise-marcks.de\/index.php?rest_route=\/wp\/v2\/types\/page"}],"author":[{"embeddable":true,"href":"https:\/\/luise-marcks.de\/index.php?rest_route=\/wp\/v2\/users\/1"}],"replies":[{"embeddable":true,"href":"https:\/\/luise-marcks.de\/index.php?rest_route=%2Fwp%2Fv2%2Fcomments&post=1999"}],"version-history":[{"count":12,"href":"https:\/\/luise-marcks.de\/index.php?rest_route=\/wp\/v2\/pages\/1999\/revisions"}],"predecessor-version":[{"id":3076,"href":"https:\/\/luise-marcks.de\/index.php?rest_route=\/wp\/v2\/pages\/1999\/revisions\/3076"}],"up":[{"embeddable":true,"href":"https:\/\/luise-marcks.de\/index.php?rest_route=\/wp\/v2\/pages\/655"}],"wp:featuredmedia":[{"embeddable":true,"href":"https:\/\/luise-marcks.de\/index.php?rest_route=\/wp\/v2\/media\/769"}],"wp:attachment":[{"href":"https:\/\/luise-marcks.de\/index.php?rest_route=%2Fwp%2Fv2%2Fmedia&parent=1999"}],"curies":[{"name":"wp","href":"https:\/\/api.w.org\/{rel}","templated":true}]}}