{"id":2045,"date":"2015-03-30T07:26:55","date_gmt":"2015-03-30T06:26:55","guid":{"rendered":"http:\/\/luise-marcks.de\/?page_id=2045"},"modified":"2017-12-01T20:27:27","modified_gmt":"2017-12-01T19:27:27","slug":"2045-2","status":"publish","type":"page","link":"https:\/\/luise-marcks.de\/?page_id=2045","title":{"rendered":"Nachdenkliches (6)"},"content":{"rendered":"<p><strong><em>\u00dcberdauernd<\/em><\/strong><\/p>\n<p>Im Heizungskeller neben der Besenleiste<br \/>\ndie Karte mit dem Spruch:<br \/>\n&#8222;Wenn Gott will, bl\u00fcht sogar ein Besen.&#8220;<br \/>\nh\u00e4ngt dort \u00fcber f\u00fcnfzig Jahr.<br \/>\nSie wird nicht oft gelesen.<br \/>\nDoch hol ich ein Tuch\u00a0 wird mein Blick drauf gelenkt.<br \/>\nDa ist einstmals jemand gewesen, an den niemand mehr denkt,<br \/>\nder hat sie hingeh\u00e4ngt.<br \/>\nNichts sonst mehr erinnert, das meiste<br \/>\nist einfach vergessen.<br \/>\nUnd was wird dereinst von mir gelesen?<\/p>\n<p><em>12. Mai 2016<\/em><\/p>\n<h4><em>Unterscheidungsgabe<\/em><\/h4>\n<p>Die Gabe Unterscheidung der Geister<br \/>\nist ein zweischneidiges Schwert.<br \/>\nWenn du damit zuschl\u00e4gst<br \/>\nden Bruder zu richten,<br \/>\nwirst auch du gerichtet werden.<\/p>\n<p>W\u00e4ge den Stein<br \/>\neh du ihn wirfst,<br \/>\ndass er nicht Mahlstein werde<br \/>\num deinen Hals.<\/p>\n<p><em>30. M\u00e4rz 2015<\/em><\/p>\n<h4 class=\"hide-if-no-js\"><em>Widerspenstiges Gewissen<\/em><\/h4>\n<p class=\"hide-if-no-js\"><a id=\"set-post-thumbnail\" class=\"thickbox\" title=\"Beitragsbild festlegen\" href=\"http:\/\/luise-marcks.de\/wp-admin\/media-upload.php?post_id=2206&amp;type=image&amp;TB_iframe=1\"><\/a>Wer leitet dich, du letzte Instanz?<br \/>\nWoher willst du denn wissen, was recht ist?<br \/>\nWo es doch keiner h\u00e4lt. Das Recht. So ganz.<br \/>\nWeil das Recht doch recht relativ ist!<\/p>\n<p class=\"hide-if-no-js\">Wer hat dich \u00fcber mich gesetellt?<br \/>\nWoher bist du in mich gedrungen?<br \/>\nWo ich nur Frieden will mit der Welt.<br \/>\nFast w\u00e4r mir zu schweigen gelungen!<\/p>\n<p class=\"hide-if-no-js\">Wer hei\u00dft dich aufstehn gegen mich,<br \/>\nwiderspenstig den Aufstand fordern?<br \/>\nWie mir das passt, das fragst du nicht,<br \/>\nwindest aus mir deine Worte.<\/p>\n<p class=\"hide-if-no-js\">Wer dich gesetzt hat \u00fcber mich in mir,<br \/>\nist meinem Verf\u00fcgen entzogen.<br \/>\nBist du ich? Bin ich du? Oder ist es ein &#8222;Wir&#8220;.<br \/>\nDu widerspenstig und ich nicht erzogen?<\/p>\n<p class=\"hide-if-no-js\">Wie wenn ich mich befreite von dir?<br \/>\nWirklich gewissensfrei w\u00fcrde?<br \/>\nWindiges F\u00e4hnlein, mal dort, mal hier.<br \/>\nNein, lass mir, ich bitt dich, die B\u00fcrde.<\/p>\n<p class=\"hide-if-no-js\"><em>16. April 2015<\/em><\/p>\n<h4><em>Radikal frei<\/em><\/h4>\n<p>Radikal zum Guten entschlossen,<br \/>\nfalle ich sieben mal siebzig mal.<br \/>\nKleinlich im Herzen,<br \/>\ngro\u00df in den Worten<br \/>\nbin ich zu feurig oder zu schal.<\/p>\n<p>Radikal zum Guten entschlossen<br \/>\ntreff ich den Nachbarn, der mich nicht gr\u00fc\u00dft.<br \/>\nStatt freundlich zu nicken,<br \/>\nbilck ich verdrossen.<br \/>\nWie er den kleinen Triumph genie\u00dft!<\/p>\n<p>Hat er doch ohne ein Wort zu sagen<br \/>\nschnell meinen Vorsatz zu Fall gebracht.<br \/>\nFreiheit zum Guten<br \/>\nf\u00fchrt zum Verzagen.<br \/>\nSie Leben geht \u00fcber meine Kraft.<\/p>\n<p>Radikal ist am Ende nicht gut?<br \/>\nEntschlossenheit f\u00fchrt nicht zur Liebe?<br \/>\nZu kleinen Schritten<br \/>\nerhoff ich den Mut.<br \/>\nAusdauer will ich erbitten.<\/p>\n<p><em>9. April 2015<\/em><\/p>\n<h4>\u00a0<em>\u00dcbe dein letztes Wort<\/em><\/h4>\n<p>\u00dcbe dein letztes Wort, jetzt,<br \/>\nwo noch Zeit ist.<br \/>\nRufe es morgens aus \u00fcber deinen Tag<br \/>\nund lausche ihm des Abends.<\/p>\n<p>Schreie es in deine Verzweiflung,<br \/>\njuble es in deine Herzensfreude,<br \/>\nsinge es in deine Feste,<br \/>\nseufze es in deine Krankheit,<br \/>\nrufe es morgens aus<br \/>\n\u00fcber deinen Tag<br \/>\nund lausche ihm des Abends.<\/p>\n<p>Und wenn du es vergisst,<br \/>\n\u00fcbe ihm lauschen.<\/p>\n<p><em>1. Februar 2015<\/em><\/p>\n<p>&nbsp;<\/p>\n","protected":false},"excerpt":{"rendered":"<p>\u00dcberdauernd Im Heizungskeller neben der Besenleiste die Karte mit dem Spruch: &#8222;Wenn Gott will, bl\u00fcht sogar ein Besen.&#8220; h\u00e4ngt dort \u00fcber f\u00fcnfzig Jahr. Sie wird nicht oft gelesen. Doch hol ich ein Tuch\u00a0 wird mein Blick drauf gelenkt. Da ist einstmals jemand gewesen, an den niemand mehr denkt, der hat sie hingeh\u00e4ngt. Nichts sonst mehr &hellip; <a href=\"https:\/\/luise-marcks.de\/?page_id=2045\" class=\"more-link\"><span class=\"screen-reader-text\">Nachdenkliches (6)<\/span> weiterlesen<\/a><\/p>\n","protected":false},"author":1,"featured_media":622,"parent":0,"menu_order":0,"comment_status":"open","ping_status":"open","template":"","meta":[],"_links":{"self":[{"href":"https:\/\/luise-marcks.de\/index.php?rest_route=\/wp\/v2\/pages\/2045"}],"collection":[{"href":"https:\/\/luise-marcks.de\/index.php?rest_route=\/wp\/v2\/pages"}],"about":[{"href":"https:\/\/luise-marcks.de\/index.php?rest_route=\/wp\/v2\/types\/page"}],"author":[{"embeddable":true,"href":"https:\/\/luise-marcks.de\/index.php?rest_route=\/wp\/v2\/users\/1"}],"replies":[{"embeddable":true,"href":"https:\/\/luise-marcks.de\/index.php?rest_route=%2Fwp%2Fv2%2Fcomments&post=2045"}],"version-history":[{"count":13,"href":"https:\/\/luise-marcks.de\/index.php?rest_route=\/wp\/v2\/pages\/2045\/revisions"}],"predecessor-version":[{"id":3507,"href":"https:\/\/luise-marcks.de\/index.php?rest_route=\/wp\/v2\/pages\/2045\/revisions\/3507"}],"wp:featuredmedia":[{"embeddable":true,"href":"https:\/\/luise-marcks.de\/index.php?rest_route=\/wp\/v2\/media\/622"}],"wp:attachment":[{"href":"https:\/\/luise-marcks.de\/index.php?rest_route=%2Fwp%2Fv2%2Fmedia&parent=2045"}],"curies":[{"name":"wp","href":"https:\/\/api.w.org\/{rel}","templated":true}]}}