{"id":3248,"date":"2016-05-12T14:15:56","date_gmt":"2016-05-12T13:15:56","guid":{"rendered":"http:\/\/luise-marcks.de\/?page_id=3248"},"modified":"2021-08-18T14:43:56","modified_gmt":"2021-08-18T13:43:56","slug":"koerperhuelle","status":"publish","type":"page","link":"https:\/\/luise-marcks.de\/?page_id=3248","title":{"rendered":"Heitere Selbstwahrnehmung (3)"},"content":{"rendered":"<h4><em><strong>Skateboard<\/strong><\/em><\/h4>\n<p>Heut \u00fcberfiel mich Gl\u00fccklichsein,<br>\ndenn es ergab sich von allein,<br>\ndass, kaum das sich der Wunsch geregt,<br>\nals w\u00e4r da Einer, der sich \u00fcberlegt<br>\nwas mich grad heut erfreut,<br>\nein Skatboard wird mir zugeschoben.<br>\nSeltsamer Grund den Herrn zu loben.<br>\nNur war es grade das,<br>\nwas eben jetzt mein Herz erbat.<br>\nUnd keiner hat solch inniges Verstehn<br>\nund l\u00e4sst geschehn, dass ungesehn<br>\nvon allen den gestrengen Kontrolleuren &#8211;<br>\nkein Wertstoffhof kann sie entbehern-<br>\ndem jungen Mann gelang, mir seines zu verehren.<\/p>\n<p>Was f\u00fcr ein sch\u00f6ner Augenblick von Gl\u00fcck.<\/p>\n<p><em>so geschehen am 7. Mai 2018<\/em><\/p>\n<p><em><strong>Ratgeber<\/strong><\/em><\/p>\n<p>Es gibt da so ein Buch,<br>\nda steht, dass alles was ich will &#8211; auch geht.<br>\nIch m\u00fcsste nur die Energien leiten.<br>\nStatt tr\u00e4g und traurig rumzuleiden,<br>\ndas negative Denken meiden,<br>\nals neues Selbst aufstehn beizeiten.<\/p>\n<p>Nur wurde es beim Lesen sp\u00e4t<br>\nund ich lieg immer noch im Bett.<br>\nDas neue Selbst treibt wohl schon Sport<br>\nund atmet negatives fort&nbsp; &#8211;<br>\nes i\u00dft &#8211; am Montag einzukaufen,<br>\nund dabei z\u00fcgig loszulaufen &#8211;<br>\ngesundes Fr\u00fchst\u00fcck ganz nach Buch.<br>\nMoment, ich nach der Seite such.<br>\nSchaut wirklich gut aus, auf dem Bild,<br>\ndas mich im Bett als Tr\u00f6dler schilt.<br>\nJa, wenn ich dieses Fr\u00fchst\u00fcck h\u00e4tte,<br>\nich l\u00e4ge l\u00e4ngst nicht mehr im Bette.<\/p>\n<p>Das neue Selbst im Konjunktiv &#8211;<br>\nwas lief bei mir schon wieder schief?<br>\nIch h\u00e4tte nicht genug gewollt,<br>\ndem Buche Glauben nicht gezollt?<br>\nWohl wahr, es ist sechzehn erst erschienen.<br>\nWer mag an diesem Buch verdienen?<br>\nIch werde es jetzt tun, oder nie,<br>\nich schreibe selbst eine Ratgebideologie!<br>\nSofort f\u00e4llt mir ein Titel ein:<br>\n&#8222;Stets entspannt du selber sein!&#8220;<br>\nAber besser klingt vielleicht:<br>\n&#8222;Du bist arm &#8211; komm, kauf dich reich!&#8220;<br>\nJemand wird das Werk schon kaufen<br>\nund dann wird mein Leben laufen<br>\nwie ich will, ganz wie beschrieben.<br>\nSeht ruhig nach auf Seite sieben.<\/p>\n<p><em>12. Mai 2016<\/em><\/p>\n<p><strong><em>K\u00f6rperf\u00fclle<\/em><\/strong><\/p>\n<p>Es wohnt in meiner K\u00f6rperh\u00fclle<br>\ndie viel zu gro\u00dfe K\u00f6rperf\u00fclle.<br>\nSie ist dort reichlich ausgedehnt,<br>\nund ich bin mit ihr unvers\u00f6hnt.<br>\nDa hilft nur Sport ist so ein Wort,<br>\ndas mag ich gar nicht h\u00f6ren,<br>\nDenn diese gro\u00dfe K\u00f6rperh\u00fclle hei\u00dft &#8222;ich&#8220;,<br>\nund grad mir fehlt der Wille,<br>\ndas bi\u00dfchen Ruhe das ich find<br>\ndurch Sport zu st\u00f6ren oder gar,<br>\nmich ganz nach Vorschrift zu ern\u00e4hren.<br>\nIch hab mit reiner Willenskraft bislang<br>\nnicht allzuviel geschafft, doch dann gelang &#8211;<br>\nwas auch nicht alle k\u00f6nnen &#8211; mir<br>\nmich mit meiner F\u00fclle zu vers\u00f6hnen.<br>\nIch bin\u00b4s nun mal, ich geb es zu,<br>\nach, g\u00e4ben die Gelenke Ruh!<\/p>\n<p><em>12. Mai 2016<\/em><\/p>\n\n\n<pre class=\"wp-block-verse\"><\/pre>\n\n\n\n<figure class=\"wp-block-image size-full\"><img decoding=\"async\" loading=\"lazy\" width=\"2560\" height=\"2041\" src=\"http:\/\/luise-marcks.de\/wp-content\/uploads\/2021\/03\/P1011889-scaled.jpg\" alt=\"\" class=\"wp-image-3967\" srcset=\"https:\/\/luise-marcks.de\/wp-content\/uploads\/2021\/03\/P1011889-scaled.jpg 2560w, https:\/\/luise-marcks.de\/wp-content\/uploads\/2021\/03\/P1011889-376x300.jpg 376w, https:\/\/luise-marcks.de\/wp-content\/uploads\/2021\/03\/P1011889-768x612.jpg 768w, https:\/\/luise-marcks.de\/wp-content\/uploads\/2021\/03\/P1011889-1536x1224.jpg 1536w, https:\/\/luise-marcks.de\/wp-content\/uploads\/2021\/03\/P1011889-2048x1633.jpg 2048w\" sizes=\"(max-width: 2560px) 100vw, 2560px\" \/><figcaption>OLYMPUS DIGITAL CAMERA<\/figcaption><\/figure>\n","protected":false},"excerpt":{"rendered":"<p>Skateboard Heut \u00fcberfiel mich Gl\u00fccklichsein, denn es ergab sich von allein, dass, kaum das sich der Wunsch geregt, als w\u00e4r da Einer, der sich \u00fcberlegt was mich grad heut erfreut, ein Skatboard wird mir zugeschoben. Seltsamer Grund den Herrn zu loben. Nur war es grade das, was eben jetzt mein Herz erbat. Und keiner hat &hellip; <a href=\"https:\/\/luise-marcks.de\/?page_id=3248\" class=\"more-link\"><span class=\"screen-reader-text\">Heitere Selbstwahrnehmung (3)<\/span> weiterlesen<\/a><\/p>\n","protected":false},"author":1,"featured_media":3956,"parent":0,"menu_order":0,"comment_status":"closed","ping_status":"closed","template":"","meta":[],"_links":{"self":[{"href":"https:\/\/luise-marcks.de\/index.php?rest_route=\/wp\/v2\/pages\/3248"}],"collection":[{"href":"https:\/\/luise-marcks.de\/index.php?rest_route=\/wp\/v2\/pages"}],"about":[{"href":"https:\/\/luise-marcks.de\/index.php?rest_route=\/wp\/v2\/types\/page"}],"author":[{"embeddable":true,"href":"https:\/\/luise-marcks.de\/index.php?rest_route=\/wp\/v2\/users\/1"}],"replies":[{"embeddable":true,"href":"https:\/\/luise-marcks.de\/index.php?rest_route=%2Fwp%2Fv2%2Fcomments&post=3248"}],"version-history":[{"count":10,"href":"https:\/\/luise-marcks.de\/index.php?rest_route=\/wp\/v2\/pages\/3248\/revisions"}],"predecessor-version":[{"id":3990,"href":"https:\/\/luise-marcks.de\/index.php?rest_route=\/wp\/v2\/pages\/3248\/revisions\/3990"}],"wp:featuredmedia":[{"embeddable":true,"href":"https:\/\/luise-marcks.de\/index.php?rest_route=\/wp\/v2\/media\/3956"}],"wp:attachment":[{"href":"https:\/\/luise-marcks.de\/index.php?rest_route=%2Fwp%2Fv2%2Fmedia&parent=3248"}],"curies":[{"name":"wp","href":"https:\/\/api.w.org\/{rel}","templated":true}]}}