{"id":335,"date":"2013-05-23T14:21:08","date_gmt":"2013-05-23T12:21:08","guid":{"rendered":"http:\/\/www.martinaminges.eu\/luiseMarcks\/?page_id=335"},"modified":"2017-12-01T20:06:25","modified_gmt":"2017-12-01T19:06:25","slug":"gluckwunsche-3","status":"publish","type":"page","link":"https:\/\/luise-marcks.de\/?page_id=335","title":{"rendered":"Gl\u00fcckw\u00fcnsche (5)"},"content":{"rendered":"<p><em><strong>Sch\u00f6pf aus Deiner Quelle<\/strong><\/em><\/p>\n<p>Ja, Deine Quelle,<br \/>\nDeine Quelle ist das &#8222;Ja&#8220;<br \/>\nDir zugesprochen.<br \/>\nDurch die Quelle bist du da.<\/p>\n<p>Sch\u00f6pf aus deiner Quelle<br \/>\nwas Dich mit Freude f\u00fcllt.<br \/>\nTeile\u00a0 mit all Jenen,<br \/>\ndie ER dir\u00a0 zugestellt.<\/p>\n<p>Trink aus deiner Quelle<br \/>\nan deinem Wiegenfest.<br \/>\nNehme an die Tage,<br \/>\ndie ER dir werden l\u00e4sst.<\/p>\n<p>Lausche deiner Quelle!<br \/>\nSie singt dein Lebenslied.<br \/>\nNimmer la\u00df dir stehlen,<br \/>\nwas dir durch das &#8222;Ja&#8220; geschieht.<\/p>\n<p><em>1. Januar 2017<\/em><\/p>\n<h4><em>Zum Leben<\/em><\/h4>\n<p>Zum Leben ist alles geschaffen,<br \/>\nnicht damals, einst, fr\u00fcher einmal.<br \/>\nDas Werden ereignet sich st\u00e4ndig.<br \/>\nIm Atem, ob freudig, ob schal.<\/p>\n<p>Zum Lieben ist alles geschaffen,<br \/>\ndie Sch\u00f6nheit entsteht durch dein Sehn.<br \/>\nNimm alles auf mit dem Herzen<br \/>\nund lass es nicht achtlos verwehn.<\/p>\n<p>Zum Loben ist alles geschaffen,<br \/>\nauch was nach Verwandlung schreit.<br \/>\nDu, dein Sein gibt dir Anteil an allem.<br \/>\nSei IHM zu begegnen bereit.<\/p>\n<p><em>12. Januar 2016<\/em><\/p>\n<h4><em>Gute W\u00fcnsche<\/em><\/h4>\n<p>Gl\u00fcck ist es gar nicht, was ich w\u00fcnschen m\u00f6chte.<br \/>\nKein Zufallstreffer f\u00fcr das rechte Los.<br \/>\nNur dass vom Augenblick einjeder es verm\u00f6ge<br \/>\nihn anzunehmen &#8211; und nicht zu finden blo\u00df<br \/>\ndieses schn\u00f6de Jetzt sei ihm gegeben &#8211;<br \/>\nDies Jetzt &#8211; es ist die F\u00fclle unseres Lebens.<\/p>\n<p><em>23. Mai 2013<\/em><\/p>\n<h4>\u00a0<em>Zur Kommunion<\/em><\/h4>\n<p>Eingeladen\u00a0zum Tisch des Herrn<br \/>\nkomme ich\u00a0gern.<br \/>\nIch wei\u00df Dich im Brot<br \/>\nund hab doch meine Not,<br \/>\nweil ich\u00a0Dich nicht immer finden kann.<br \/>\nWo bist Du Gott?<\/p>\n<p>Lehre mich, Dich zu verstehn,<br \/>\nauch ohne zu sehn,<br \/>\nin Deinem Wort,<br \/>\ndenn Du bist auch dort.<br \/>\nGib, dass ich dich manchmal h\u00f6ren kann.<br \/>\nDu bist mein Gott.<\/p>\n<p>Lass mich darin nicht allein,<br \/>\ngern bei Dir zu sein,<br \/>\nschenk Br\u00fcder mir,<br \/>\nheute und hier.<br \/>\nHilf, dass ich Dich oftmals sp\u00fcren kann.<br \/>\nDu, unser Gott.<\/p>\n<p><em>1. Juni 2013<\/em><\/p>\n<h4><em>Katerina<\/em><\/h4>\n<p>Katerina,<br \/>\nSterntalerm\u00e4dchen!<\/p>\n<p>Frisch geboren<br \/>\nhast du<br \/>\ndas Licht der Welt<br \/>\nerblickt.<\/p>\n<p>Weit gegangen<br \/>\nhat dich<br \/>\ndas Licht des Lebens<br \/>\nerquickt.<\/p>\n<p>Treu suchend<br \/>\nwirst du<br \/>\nins wahre Licht<br \/>\nentr\u00fcckt.<\/p>\n<p>Sterntalerm\u00e4dchen,<br \/>\nfolge dem Stern!<\/p>\n<p>&nbsp;<\/p>\n<h4><em>F\u00fcr Hanna<\/em><\/h4>\n<p>F\u00fcr Hanna nun ein neues Jahr,<br \/>\nso viele T\u00fcren offen &#8211;<br \/>\ndurch welche gehen ist l\u00e4ngst nicht klar.<br \/>\nER f\u00fchrt &#8211; so ist zu hoffen.<\/p>\n<p>Das neue Jahr, der n\u00e4chste Schritt,<br \/>\nvoll Anmut angegangen &#8211;<br \/>\ndenn SEINE Gnade, die geht mit,<br \/>\nwenn wir IHM nur anhangen.<\/p>\n<p>Dar\u00fcber auch dein Name spricht &#8211;<br \/>\nER f\u00fchrt hinaus ins Weite.<br \/>\nso w\u00fcnsch ich dir die Zuversicht,<br \/>\ndass ER dich stets geleite.<\/p>\n<p><em>16. Mai 2013<\/em><\/p>\n","protected":false},"excerpt":{"rendered":"<p>Sch\u00f6pf aus Deiner Quelle Ja, Deine Quelle, Deine Quelle ist das &#8222;Ja&#8220; Dir zugesprochen. Durch die Quelle bist du da. Sch\u00f6pf aus deiner Quelle was Dich mit Freude f\u00fcllt. Teile\u00a0 mit all Jenen, die ER dir\u00a0 zugestellt. Trink aus deiner Quelle an deinem Wiegenfest. Nehme an die Tage, die ER dir werden l\u00e4sst. Lausche deiner &hellip; <a href=\"https:\/\/luise-marcks.de\/?page_id=335\" class=\"more-link\"><span class=\"screen-reader-text\">Gl\u00fcckw\u00fcnsche (5)<\/span> weiterlesen<\/a><\/p>\n","protected":false},"author":1,"featured_media":339,"parent":0,"menu_order":0,"comment_status":"open","ping_status":"open","template":"","meta":[],"_links":{"self":[{"href":"https:\/\/luise-marcks.de\/index.php?rest_route=\/wp\/v2\/pages\/335"}],"collection":[{"href":"https:\/\/luise-marcks.de\/index.php?rest_route=\/wp\/v2\/pages"}],"about":[{"href":"https:\/\/luise-marcks.de\/index.php?rest_route=\/wp\/v2\/types\/page"}],"author":[{"embeddable":true,"href":"https:\/\/luise-marcks.de\/index.php?rest_route=\/wp\/v2\/users\/1"}],"replies":[{"embeddable":true,"href":"https:\/\/luise-marcks.de\/index.php?rest_route=%2Fwp%2Fv2%2Fcomments&post=335"}],"version-history":[{"count":17,"href":"https:\/\/luise-marcks.de\/index.php?rest_route=\/wp\/v2\/pages\/335\/revisions"}],"predecessor-version":[{"id":343,"href":"https:\/\/luise-marcks.de\/index.php?rest_route=\/wp\/v2\/pages\/335\/revisions\/343"}],"wp:featuredmedia":[{"embeddable":true,"href":"https:\/\/luise-marcks.de\/index.php?rest_route=\/wp\/v2\/media\/339"}],"wp:attachment":[{"href":"https:\/\/luise-marcks.de\/index.php?rest_route=%2Fwp%2Fv2%2Fmedia&parent=335"}],"curies":[{"name":"wp","href":"https:\/\/api.w.org\/{rel}","templated":true}]}}