{"id":3856,"date":"2019-05-23T18:33:56","date_gmt":"2019-05-23T17:33:56","guid":{"rendered":"http:\/\/luise-marcks.de\/?page_id=3856"},"modified":"2021-08-18T14:37:39","modified_gmt":"2021-08-18T13:37:39","slug":"freiheitsfolgen","status":"publish","type":"page","link":"https:\/\/luise-marcks.de\/?page_id=3856","title":{"rendered":"Freiheitsfolgen"},"content":{"rendered":"<p>Unendliche Serie<br>im vorrausschauenden Ged\u00e4chtnis.<\/p>\n<p>Das Zur\u00fcckverfolgen<br>aller Ungerechtigkeiten<br>durch die Jahrtausende<br>f\u00fchrt zum Zankapfel.<\/p>\n<p>Sch\u00fcfe jede freie Wahl alternativ durchgespielt<br>eine Eigenwelt &#8211; unendliche Parallelluniversen,<br>von Ewigkeit zu Ewigkeit &#8211;<\/p>\n<p>Wolltest du bei freier Wahl hin\u00fcberwechseln<br>in die beste aller Welten, oder bleiben, hier, bei den Deinen?<\/p>\n<p><em>21. Januar 2015<\/em><\/p>\n\n\n<h2 class=\"wp-block-heading\">Ursprung<\/h2>\n\n\n\n<p>Der Ursprung &#8211; der erste Spalt<br>ducht den sich Sch\u00f6pfer und Gesch\u00f6pf<br>trennend begegnen.<\/p>\n","protected":false},"excerpt":{"rendered":"<p>Unendliche Serieim vorrausschauenden Ged\u00e4chtnis. Das Zur\u00fcckverfolgenaller Ungerechtigkeitendurch die Jahrtausendef\u00fchrt zum Zankapfel. Sch\u00fcfe jede freie Wahl alternativ durchgespielteine Eigenwelt &#8211; unendliche Parallelluniversen,von Ewigkeit zu Ewigkeit &#8211; Wolltest du bei freier Wahl hin\u00fcberwechselnin die beste aller Welten, oder bleiben, hier, bei den Deinen? 21. Januar 2015 Ursprung Der Ursprung &#8211; der erste Spaltducht den sich Sch\u00f6pfer und &hellip; <a href=\"https:\/\/luise-marcks.de\/?page_id=3856\" class=\"more-link\"><span class=\"screen-reader-text\">Freiheitsfolgen<\/span> weiterlesen<\/a><\/p>\n","protected":false},"author":1,"featured_media":3705,"parent":0,"menu_order":0,"comment_status":"closed","ping_status":"closed","template":"","meta":[],"_links":{"self":[{"href":"https:\/\/luise-marcks.de\/index.php?rest_route=\/wp\/v2\/pages\/3856"}],"collection":[{"href":"https:\/\/luise-marcks.de\/index.php?rest_route=\/wp\/v2\/pages"}],"about":[{"href":"https:\/\/luise-marcks.de\/index.php?rest_route=\/wp\/v2\/types\/page"}],"author":[{"embeddable":true,"href":"https:\/\/luise-marcks.de\/index.php?rest_route=\/wp\/v2\/users\/1"}],"replies":[{"embeddable":true,"href":"https:\/\/luise-marcks.de\/index.php?rest_route=%2Fwp%2Fv2%2Fcomments&post=3856"}],"version-history":[{"count":6,"href":"https:\/\/luise-marcks.de\/index.php?rest_route=\/wp\/v2\/pages\/3856\/revisions"}],"predecessor-version":[{"id":4011,"href":"https:\/\/luise-marcks.de\/index.php?rest_route=\/wp\/v2\/pages\/3856\/revisions\/4011"}],"wp:featuredmedia":[{"embeddable":true,"href":"https:\/\/luise-marcks.de\/index.php?rest_route=\/wp\/v2\/media\/3705"}],"wp:attachment":[{"href":"https:\/\/luise-marcks.de\/index.php?rest_route=%2Fwp%2Fv2%2Fmedia&parent=3856"}],"curies":[{"name":"wp","href":"https:\/\/api.w.org\/{rel}","templated":true}]}}