{"id":3927,"date":"2021-02-21T15:47:03","date_gmt":"2021-02-21T14:47:03","guid":{"rendered":"http:\/\/luise-marcks.de\/?page_id=3927"},"modified":"2021-08-18T14:42:35","modified_gmt":"2021-08-18T13:42:35","slug":"passionsgedicht","status":"publish","type":"page","link":"https:\/\/luise-marcks.de\/?page_id=3927","title":{"rendered":"Passionsgedichte (3)"},"content":{"rendered":"\n<h2 class=\"wp-block-heading\"><em>Wie k\u00f6nntest du Gott sein?<\/em><\/h2>\n\n\n\n<p>&#8222;Der arme Kerl&#8220; &#8211; m\u00f6chte ich denken.<br>Noch so einer, den die R\u00f6mer \u00f6ffentlich hinrichten.<br>Einen Blick m\u00f6chte ich ihm schenken,<br>der mein Mitgef\u00fchl und meine Hilflosigkeit ausdr\u00fcckt.<\/p>\n\n\n\n<p>Da f\u00e4llst du unter der Last.<\/p>\n\n\n\n<p>&#8222;Hier wird der gefallene Mensch aufgerichtet<br>durch den fallenden Gott&#8220;, denke ich.<br>Ich verstehe mich nicht.<br>Wie k\u00f6nntest du Gott sein?<\/p>\n\n\n\n<h2 class=\"wp-block-heading\"><em>Gewaltmonopol<\/em><\/h2>\n\n\n\n<p>Irgendwie sind wir einverstanden<br>mit dem staatlichen Gewaltmonopol.<br>Kontrollierte Kontrolle, so meinen wir,<br>m\u00fc\u00dfte doch zu kontrollieren sein.<\/p>\n\n\n\n<p>Der Stachel bleibt, dass der Herr der Welt<br>auf Gewaltlosigkeit gesetzt hat.<\/p>\n\n\n\n<h2 class=\"wp-block-heading\"><em>Passion<\/em><\/h2>\n\n\n\n<p>Die Passion Christi,<br>SEINE Leidenschafft:<\/p>\n\n\n\n<p>Dem Gotteswillen nichts vorziehen.<\/p>\n\n\n\n<p>Die Passion Christi,<br>SEINE Leidenschaft:<\/p>\n\n\n\n<p>Der N\u00e4chstenliebe nichts vorziehen.<\/p>\n\n\n\n<figure class=\"wp-block-image\"><img alt=\"\"\/><\/figure>\n\n\n\n<figure class=\"wp-block-image size-large\"><img decoding=\"async\" loading=\"lazy\" width=\"4000\" height=\"3000\" src=\"http:\/\/luise-marcks.de\/wp-content\/uploads\/2021\/02\/P3127927-4000x3000.jpg\" alt=\"\" class=\"wp-image-3948\" srcset=\"https:\/\/luise-marcks.de\/wp-content\/uploads\/2021\/02\/P3127927-4000x3000.jpg 4000w, https:\/\/luise-marcks.de\/wp-content\/uploads\/2021\/02\/P3127927-400x300.jpg 400w, https:\/\/luise-marcks.de\/wp-content\/uploads\/2021\/02\/P3127927-768x576.jpg 768w, https:\/\/luise-marcks.de\/wp-content\/uploads\/2021\/02\/P3127927-1536x1152.jpg 1536w, https:\/\/luise-marcks.de\/wp-content\/uploads\/2021\/02\/P3127927-2048x1536.jpg 2048w\" sizes=\"(max-width: 4000px) 100vw, 4000px\" \/><figcaption>Stein in der W\u00fcste Negev<\/figcaption><\/figure>\n\n\n\n<p><\/p>\n","protected":false},"excerpt":{"rendered":"<p>Wie k\u00f6nntest du Gott sein? &#8222;Der arme Kerl&#8220; &#8211; m\u00f6chte ich denken.Noch so einer, den die R\u00f6mer \u00f6ffentlich hinrichten.Einen Blick m\u00f6chte ich ihm schenken,der mein Mitgef\u00fchl und meine Hilflosigkeit ausdr\u00fcckt. Da f\u00e4llst du unter der Last. &#8222;Hier wird der gefallene Mensch aufgerichtetdurch den fallenden Gott&#8220;, denke ich.Ich verstehe mich nicht.Wie k\u00f6nntest du Gott sein? Gewaltmonopol &hellip; <a href=\"https:\/\/luise-marcks.de\/?page_id=3927\" class=\"more-link\"><span class=\"screen-reader-text\">Passionsgedichte (3)<\/span> weiterlesen<\/a><\/p>\n","protected":false},"author":1,"featured_media":3945,"parent":0,"menu_order":0,"comment_status":"closed","ping_status":"closed","template":"","meta":[],"_links":{"self":[{"href":"https:\/\/luise-marcks.de\/index.php?rest_route=\/wp\/v2\/pages\/3927"}],"collection":[{"href":"https:\/\/luise-marcks.de\/index.php?rest_route=\/wp\/v2\/pages"}],"about":[{"href":"https:\/\/luise-marcks.de\/index.php?rest_route=\/wp\/v2\/types\/page"}],"author":[{"embeddable":true,"href":"https:\/\/luise-marcks.de\/index.php?rest_route=\/wp\/v2\/users\/1"}],"replies":[{"embeddable":true,"href":"https:\/\/luise-marcks.de\/index.php?rest_route=%2Fwp%2Fv2%2Fcomments&post=3927"}],"version-history":[{"count":7,"href":"https:\/\/luise-marcks.de\/index.php?rest_route=\/wp\/v2\/pages\/3927\/revisions"}],"predecessor-version":[{"id":4001,"href":"https:\/\/luise-marcks.de\/index.php?rest_route=\/wp\/v2\/pages\/3927\/revisions\/4001"}],"wp:featuredmedia":[{"embeddable":true,"href":"https:\/\/luise-marcks.de\/index.php?rest_route=\/wp\/v2\/media\/3945"}],"wp:attachment":[{"href":"https:\/\/luise-marcks.de\/index.php?rest_route=%2Fwp%2Fv2%2Fmedia&parent=3927"}],"curies":[{"name":"wp","href":"https:\/\/api.w.org\/{rel}","templated":true}]}}