{"id":655,"date":"2013-06-09T22:48:26","date_gmt":"2013-06-09T20:48:26","guid":{"rendered":"http:\/\/www.martinaminges.eu\/luiseMarcks\/?page_id=655"},"modified":"2021-08-18T19:35:17","modified_gmt":"2021-08-18T18:35:17","slug":"zu-texten-aus-dem-alten-testament","status":"publish","type":"page","link":"https:\/\/luise-marcks.de\/?page_id=655","title":{"rendered":"Zum alten Testament"},"content":{"rendered":"<h4><em>In Liebe zur Liebe<\/em><\/h4>\n<p>Lebensworte aus Fleisch und Blut,<br \/>\ndurchhofft und durchlitten,<br \/>\nvoll Kraft und Mut.<\/p>\n<p>Weitergegeben vom Vater zum Sohn,<br \/>\nh\u00f6rts auch die Tochter &#8211;<br \/>\nErz\u00e4hltradition &#8211;<\/p>\n<p>wie Gott sein Volk durch die W\u00fcste f\u00fchrt<\/p>\n<p>in Liebe<br \/>\nzur Liebe<br \/>\nIHM folgen lehrt.<\/p>\n<p><em>9. Juni 2013<\/em><\/p>\n<h4><em>Schriftbegegnung<\/em><\/h4>\n<p>Die Schrift &#8211; Wort Gottes,<br \/>\ndass mich anspricht,<br \/>\nunter SEINEN Anspruch stellt,<br \/>\nund meiner Antwort harrt.<\/p>\n<p>Sich ihr aussetzten hei\u00dft<br \/>\neintreten<br \/>\nin den gro\u00dfen Dialog<br \/>\naus dem<br \/>\nund f\u00fcr den<br \/>\ndie Welt wurde.<br \/>\n<em>15. Mai 2013<\/em><\/p>\n<h4><em>Von allem Anfang an<\/em><\/h4>\n<p>Von allem Anfang an<br \/>\ngalt Deine Sorge<br \/>\ndem siebten Tag.<br \/>\nUnserem siebten Tag,<br \/>\ndurch den wir Ebenbildlichkeit<br \/>\nempfangen.<\/p>\n<p><em>24. April 2019<\/em><\/p>\n","protected":false},"excerpt":{"rendered":"<p>In Liebe zur Liebe Lebensworte aus Fleisch und Blut, durchhofft und durchlitten, voll Kraft und Mut. Weitergegeben vom Vater zum Sohn, h\u00f6rts auch die Tochter &#8211; Erz\u00e4hltradition &#8211; wie Gott sein Volk durch die W\u00fcste f\u00fchrt in Liebe zur Liebe IHM folgen lehrt. 9. Juni 2013 Schriftbegegnung Die Schrift &#8211; Wort Gottes, dass mich anspricht, &hellip; <a href=\"https:\/\/luise-marcks.de\/?page_id=655\" class=\"more-link\"><span class=\"screen-reader-text\">Zum alten Testament<\/span> weiterlesen<\/a><\/p>\n","protected":false},"author":1,"featured_media":3690,"parent":0,"menu_order":0,"comment_status":"open","ping_status":"open","template":"","meta":[],"_links":{"self":[{"href":"https:\/\/luise-marcks.de\/index.php?rest_route=\/wp\/v2\/pages\/655"}],"collection":[{"href":"https:\/\/luise-marcks.de\/index.php?rest_route=\/wp\/v2\/pages"}],"about":[{"href":"https:\/\/luise-marcks.de\/index.php?rest_route=\/wp\/v2\/types\/page"}],"author":[{"embeddable":true,"href":"https:\/\/luise-marcks.de\/index.php?rest_route=\/wp\/v2\/users\/1"}],"replies":[{"embeddable":true,"href":"https:\/\/luise-marcks.de\/index.php?rest_route=%2Fwp%2Fv2%2Fcomments&post=655"}],"version-history":[{"count":11,"href":"https:\/\/luise-marcks.de\/index.php?rest_route=\/wp\/v2\/pages\/655\/revisions"}],"predecessor-version":[{"id":4027,"href":"https:\/\/luise-marcks.de\/index.php?rest_route=\/wp\/v2\/pages\/655\/revisions\/4027"}],"wp:featuredmedia":[{"embeddable":true,"href":"https:\/\/luise-marcks.de\/index.php?rest_route=\/wp\/v2\/media\/3690"}],"wp:attachment":[{"href":"https:\/\/luise-marcks.de\/index.php?rest_route=%2Fwp%2Fv2%2Fmedia&parent=655"}],"curies":[{"name":"wp","href":"https:\/\/api.w.org\/{rel}","templated":true}]}}