{"id":659,"date":"2013-06-09T22:55:17","date_gmt":"2013-06-09T20:55:17","guid":{"rendered":"http:\/\/www.martinaminges.eu\/luiseMarcks\/?page_id=659"},"modified":"2017-12-01T19:53:16","modified_gmt":"2017-12-01T18:53:16","slug":"zu-texten-aus-dem-neuen-testament","status":"publish","type":"page","link":"https:\/\/luise-marcks.de\/?page_id=659","title":{"rendered":"Zum neuen Testament"},"content":{"rendered":"<h4><em>IHM begegnen<\/em><\/h4>\n<p>Gefunden werden<br \/>\nvom fleischgewordenen Wort.<br \/>\nStaunend gew\u00fcrdigt<br \/>\nzu begegnen.<br \/>\nImmer neu<br \/>\nh\u00f6ren lernen,<br \/>\nsehen lernen,<br \/>\ngehen lernen,<br \/>\nleben lernen,<br \/>\nvergeben lernen.<\/p>\n<p><em>9. Juli 2013<\/em><\/p>\n<h4><em>Nur ein Kind<\/em><\/h4>\n<p>Ich habe keinen Fisch f\u00fcr mich behalten,<br \/>\nobwohl ich selber hungrig war.<br \/>\nIch sah IHN leuchten \u00fcber den Gestalten.<br \/>\nIHM alles geben schien mir sonnenklar.<br \/>\nIhr denkt vielleicht,<br \/>\ndass ich nicht rechnen k\u00f6nne:<br \/>\nEin Tropfen nur auf einen hei\u00dfen Stein<br \/>\nnicht reicht<br \/>\nf\u00fcr so\u00b4ne Menschenmenge,<br \/>\ndoch mit IHM bin ich nicht allein.<\/p>\n<p>Das Wunder war:<br \/>\nER brauchte meine Gabe.<br \/>\nER nahm und gab,<br \/>\nda war\u00b4s genug.<br \/>\nSo gebt doch alle eure kleine Habe.<br \/>\nER macht was daraus &#8211;<br \/>\nund das ist kein Betrug.<\/p>\n<p>Die Kinder dieser Welt,<br \/>\nsie k\u00f6nnten leben,<br \/>\nwenn uns nicht Angst w\u00e4r nur um uns allein,<br \/>\nwenn wir statt M\u00fcnzen unser Leben g\u00e4ben,<br \/>\nIHM sagten, klein ist\u00b4s &#8211; aber DEIN.<\/p>\n<p><em>1982, ver\u00f6ffentlicht 2012<br \/>\n<\/em><\/p>\n<h4><em>Wandlungswunder<br \/>\nzur Freude der G\u00e4ste<\/em><\/h4>\n<p>SEIN erstes Wunder<br \/>\nVorzeitig gewirkt<br \/>\nda Maria ihn dr\u00e4ngte<\/p>\n<p>SEIN erstes Wunder<br \/>\nWandlungswunder<br \/>\nWasser zu Wein<br \/>\nzur Freude der G\u00e4ste<br \/>\nBemerkt<br \/>\nvon der Mutter, den J\u00fcngern und Dienern<\/p>\n<p>Genossen<br \/>\nvon allen<\/p>\n<p>wirkt Festfreudenf\u00fclle.<\/p>\n<p><em>2011<\/em><\/p>\n<p>&nbsp;<\/p>\n","protected":false},"excerpt":{"rendered":"<p>IHM begegnen Gefunden werden vom fleischgewordenen Wort. Staunend gew\u00fcrdigt zu begegnen. Immer neu h\u00f6ren lernen, sehen lernen, gehen lernen, leben lernen, vergeben lernen. 9. Juli 2013 Nur ein Kind Ich habe keinen Fisch f\u00fcr mich behalten, obwohl ich selber hungrig war. Ich sah IHN leuchten \u00fcber den Gestalten. IHM alles geben schien mir sonnenklar. Ihr &hellip; <a href=\"https:\/\/luise-marcks.de\/?page_id=659\" class=\"more-link\"><span class=\"screen-reader-text\">Zum neuen Testament<\/span> weiterlesen<\/a><\/p>\n","protected":false},"author":1,"featured_media":513,"parent":0,"menu_order":0,"comment_status":"open","ping_status":"closed","template":"","meta":[],"_links":{"self":[{"href":"https:\/\/luise-marcks.de\/index.php?rest_route=\/wp\/v2\/pages\/659"}],"collection":[{"href":"https:\/\/luise-marcks.de\/index.php?rest_route=\/wp\/v2\/pages"}],"about":[{"href":"https:\/\/luise-marcks.de\/index.php?rest_route=\/wp\/v2\/types\/page"}],"author":[{"embeddable":true,"href":"https:\/\/luise-marcks.de\/index.php?rest_route=\/wp\/v2\/users\/1"}],"replies":[{"embeddable":true,"href":"https:\/\/luise-marcks.de\/index.php?rest_route=%2Fwp%2Fv2%2Fcomments&post=659"}],"version-history":[{"count":8,"href":"https:\/\/luise-marcks.de\/index.php?rest_route=\/wp\/v2\/pages\/659\/revisions"}],"predecessor-version":[{"id":2803,"href":"https:\/\/luise-marcks.de\/index.php?rest_route=\/wp\/v2\/pages\/659\/revisions\/2803"}],"wp:featuredmedia":[{"embeddable":true,"href":"https:\/\/luise-marcks.de\/index.php?rest_route=\/wp\/v2\/media\/513"}],"wp:attachment":[{"href":"https:\/\/luise-marcks.de\/index.php?rest_route=%2Fwp%2Fv2%2Fmedia&parent=659"}],"curies":[{"name":"wp","href":"https:\/\/api.w.org\/{rel}","templated":true}]}}