{"id":787,"date":"2013-06-23T13:56:22","date_gmt":"2013-06-23T11:56:22","guid":{"rendered":"http:\/\/www.martinaminges.eu\/luiseMarcks\/?page_id=787"},"modified":"2021-08-18T16:34:20","modified_gmt":"2021-08-18T15:34:20","slug":"hoffnung","status":"publish","type":"page","link":"https:\/\/luise-marcks.de\/?page_id=787","title":{"rendered":"Auf Hoffnung hin (8)"},"content":{"rendered":"<h4><em>Schon erf\u00fcllt<a href=\"http:\/\/luise-marcks.de\/?attachment_id=3648\" rel=\"attachment wp-att-3648\"><img decoding=\"async\" loading=\"lazy\" class=\"wp-image-3648 alignright\" src=\"http:\/\/luise-marcks.de\/wp-content\/uploads\/2018\/03\/IMG_2822-e1521487541914-1600x160.jpg\" alt=\"\" width=\"301\" height=\"301\"><\/a><\/em><\/h4>\n<p>Hoffnung, schon erf\u00fcllt,<br>&#8211;&nbsp; Friede f\u00fcr Jerusalem &#8211;<br>ist keine Hoffnung.<\/p>\n<p>Hoffnung, nicht mehr erhofft,<br>&#8211; Friede f\u00fcr Jerusalem &#8211;<br>ist keine Hoffnung.<\/p>\n<p>Lenke meine Pilgerschritte<br>auf Hoffnung hin.<\/p>\n<p><em>9. Februar 2015<\/em><\/p>\n<h4>&nbsp;<em>Aufschwingen<\/em><\/h4>\n<p>Den Anker oben &#8211; sich am Tau aufschwingen<\/p>\n<p>zum Sprung<br>\u00fcber die menschlichen Abgr\u00fcnde,<br>die uns einander zur H\u00f6lle machen.<\/p>\n<p>Oben verankert den Sprung wagen zum Du &#8211;<br>immer neu und unverzagt sich aufschwingen.<\/p>\n<p>Vertrauen &#8211; der Anker tr\u00e4gt hin\u00fcber.<\/p>\n<p><em>23. Juni 2013<\/em><\/p>\n<h4>Gleichsam<\/h4>\n<p>Gleichsam<br>wie ein Blitz<br>aus heiterem Himmel<br>trafst du mich.<\/p>\n<p>Gleichsam<br>wie das Lied<br>in allen Dingen<br>such ich dich.<\/p>\n<p>Nicht nur gleichsam &#8211;<br>ganz will ich dich finden,<br>ganz mein Leben an dich binden.<br>Gleichsam gleichen dir<br>und werden eins.<\/p>\n<p><em>16.Mai 2013<\/em><\/p>\n<h4><em>Heilsame Verbindung<\/em><\/h4>\n<p>ER verbindet die Wunden<br>und heilt sie.<\/p>\n<p>ER verbindet die Wunden,<br>ER verbindet sie,<br>dass sie einander Hilfe seien,<br>wissend um die Wunden des Anderen.<\/p>\n<p>Einander gegeben,<br>einander zu heilen in IHM.<\/p>\n<p><em>4. Mai 2013<\/em><\/p>\n<h4><em>Ohne Angst<\/em><\/h4>\n<p>Sie war immer da,<br>aber nicht immer sp\u00fcrbar.<br>Ein leichter Druck auf der Schulter.<br>Auch die Schwerkraft sp\u00fcrt man nicht dauernd.<\/p>\n<p>&#8222;F\u00fcrchte dich nicht!&#8220;<br>Das muss einem doch gesagt werden.<br>Von einem richtigen Engel<br>mit Auftrag und \u00dcberblick.<\/p>\n<p>Ohne Angst w\u00fcrde ich fliegen k\u00f6nnen.<br>Nicht nur fallen.<br>Ohne Angst w\u00fcrde ich sagen k\u00f6nnen-<\/p>\n<p>alles!<\/p>\n<p><em>14. Januar 2014<\/em><\/p>\n<h4>&nbsp;<em>Gl\u00fccklich<\/em><\/h4>\n<p>Gl\u00fccklich, wer diesen Tag als Gabe,<br>nicht als Gegebenheit empf\u00e4ngt,<br>wer im Entgegennehmen voll Dank<br>an seinen Geber denkt.<\/p>\n<p>Gl\u00fccklich, wer auch des Tages Plage<br>annimmt als Geschenk<br>und nicht den Blick schon<br>auf des n\u00e4chsten Tages Sorge lenkt.<\/p>\n<p>Gl\u00fccklich &#8211; ja Gl\u00fcck kennt nur den einen Ort,<br>das Heute &#8211; Hier<br>und nie das Morgen &#8211; Dort.<\/p>\n<p><em>22. Juni 2013<\/em><\/p>\n<h4><em>Orangenb\u00e4umchen<br><\/em><\/h4>\n<p>Ich hab ein totes Orangenb\u00e4umchen,<br>das hat f\u00fcnf neue Triebe.<br>F\u00fcnf lummrige Orangen<br>schrumpeln an braunen Zweigen.<br>F\u00fcnf sind es, keine sieben.<br>Die einen lummern, die anderen treiben.<\/p>\n<p>Wer wei\u00df, vielleicht wird mein totes<br>Orangenb\u00e4umchen gegen alles erwarten<br>lebendig bleiben? <br>Auf sieben reimt nur lieben.<\/p>\n<p><em>9. September 2016<\/em><\/p>\n<h4><em>Unr\u00fccknehmbar<\/em><\/h4>\n<p>Die sich einander schenkten<br>k\u00f6nnen sich nicht zur\u00fccknehmen.<br>Freundschaftsk\u00fcndigungsschreiben<br>zeitigen ein &#8222;So tun als ob&#8220;.<br>In Wahrheit vertieft sich die Freundschaft.<br>Trotz K\u00fcndigung.<br>An ihrer Verwirklichung gehindert<br>wird jener noch tiefer im Herz bewahrt.<br>M\u00f6ge er dort nahe sein<br>dem undurchdringlichen Licht<br>und Heil erfahren.<\/p>\n<p><em>16. Mai 2016<\/em><\/p>\n<h4><em>Als<\/em><\/h4>\n<p>Als ich noch in der Urflut schwamm,<br>da gab\u00b4s kein Wirbelzwicken.<br>Am Ufer wurde mir nicht klamm.<br>Nichts war es, als Entz\u00fccken.<\/p>\n<p>Da war nicht Seele, Leib und Geist.<br>Darum auch kein Erinnern.<br>Und doch &#8211; was ich im Tiefsten wei\u00df:<br>Ich schwamm in mein Beginnen.<\/p>\n<p>Manchmal, wenn ich ins Wasser spring<br>durchzuckt mich dieses Wissen.<br>Wenn ich einst mit den Engeln sing,<br>werd ich die Urflut missen?<\/p>\n<p>Von Ewigkeit zu Ewigkeit:<br>Das sind nicht leere Worte.<br>Geboren bin ich in die Zeit,<br>der Tod die zweite Pforte.<\/p>\n<p>Ach Leib, ach Seele, Geist und Sinn:<br>Wie soll ich all dies fassen?<br>Mein Sch\u00f6pfer nennt sich selbst: &#8222;ICH BIN&#8220; &#8211;<br>Wird er mein Sein mir lassen?<\/p>\n<p>Nimmt ER mich gar in sich hinein?<br>Das k\u00f6nnt mein Sehnen stillen.<br>Ganz gleich wie es wird einmal sein &#8211;<br>Es sei nach Seinem Willen.<\/p>\n<p><em>7. Mai 2017<\/em><\/p>\n\n\n<h2 class=\"wp-block-heading\">Im Treppenhaus<\/h2>\n\n\n\n<p>Manchmal harre ich Deiner<br>im Treppenhaus,<br>lehne am Gel\u00e4nder und ruh ein wenig aus.<br>Gerade jetzt, glaub mir, mein Herr,<br>w\u00e4re ein guter Moment f\u00fcr Deine Wiederkunft.<br>Bevor der n\u00e4chste Streit eskaliert,<br>Bevor jemand ausgleitet auf der nassen Treppe.<br>Jetzt, wo ich Deiner harre, wach und bereit,<br>glaub mir, jetzt w\u00e4r die allerbeste Zeit.<\/p>\n\n\n\n<p><br><em>22. Juli 2019<\/em><\/p>\n\n\n\n<p><\/p>\n","protected":false},"excerpt":{"rendered":"<p>Schon erf\u00fcllt Hoffnung, schon erf\u00fcllt,&#8211;&nbsp; Friede f\u00fcr Jerusalem &#8211;ist keine Hoffnung. Hoffnung, nicht mehr erhofft,&#8211; Friede f\u00fcr Jerusalem &#8211;ist keine Hoffnung. Lenke meine Pilgerschritteauf Hoffnung hin. 9. Februar 2015 &nbsp;Aufschwingen Den Anker oben &#8211; sich am Tau aufschwingen zum Sprung\u00fcber die menschlichen Abgr\u00fcnde,die uns einander zur H\u00f6lle machen. Oben verankert den Sprung wagen zum Du &hellip; <a href=\"https:\/\/luise-marcks.de\/?page_id=787\" class=\"more-link\"><span class=\"screen-reader-text\">Auf Hoffnung hin (8)<\/span> weiterlesen<\/a><\/p>\n","protected":false},"author":1,"featured_media":3651,"parent":175,"menu_order":0,"comment_status":"open","ping_status":"open","template":"","meta":[],"_links":{"self":[{"href":"https:\/\/luise-marcks.de\/index.php?rest_route=\/wp\/v2\/pages\/787"}],"collection":[{"href":"https:\/\/luise-marcks.de\/index.php?rest_route=\/wp\/v2\/pages"}],"about":[{"href":"https:\/\/luise-marcks.de\/index.php?rest_route=\/wp\/v2\/types\/page"}],"author":[{"embeddable":true,"href":"https:\/\/luise-marcks.de\/index.php?rest_route=\/wp\/v2\/users\/1"}],"replies":[{"embeddable":true,"href":"https:\/\/luise-marcks.de\/index.php?rest_route=%2Fwp%2Fv2%2Fcomments&post=787"}],"version-history":[{"count":16,"href":"https:\/\/luise-marcks.de\/index.php?rest_route=\/wp\/v2\/pages\/787\/revisions"}],"predecessor-version":[{"id":4021,"href":"https:\/\/luise-marcks.de\/index.php?rest_route=\/wp\/v2\/pages\/787\/revisions\/4021"}],"up":[{"embeddable":true,"href":"https:\/\/luise-marcks.de\/index.php?rest_route=\/wp\/v2\/pages\/175"}],"wp:featuredmedia":[{"embeddable":true,"href":"https:\/\/luise-marcks.de\/index.php?rest_route=\/wp\/v2\/media\/3651"}],"wp:attachment":[{"href":"https:\/\/luise-marcks.de\/index.php?rest_route=%2Fwp%2Fv2%2Fmedia&parent=787"}],"curies":[{"name":"wp","href":"https:\/\/api.w.org\/{rel}","templated":true}]}}