{"id":943,"date":"2013-10-16T22:13:05","date_gmt":"2013-10-16T20:13:05","guid":{"rendered":"http:\/\/www.martinaminges.eu\/luiseMarcks\/?page_id=943"},"modified":"2018-12-12T14:09:32","modified_gmt":"2018-12-12T13:09:32","slug":"weihnachtsfestkreis","status":"publish","type":"page","link":"https:\/\/luise-marcks.de\/?page_id=943","title":{"rendered":"Selige Zeit (8)"},"content":{"rendered":"<h4>\u00a0<em>Weihnachten<\/em><\/h4>\n<p>&#8211; gef\u00fchlsgeladenes Wort.<br \/>\n&#8211; erwartungsgeladenes Wort.<br \/>\n&#8211; geladenes Wort.<\/p>\n<p>Weihnachten<\/p>\n<p>&#8211; du geweihte Nacht.<br \/>\n&#8211; du \u00a0selige Zeit.<br \/>\n&#8211; du fleischgewordenes Wort.<\/p>\n<p><em>16. Oktober 2013<\/em><\/p>\n<h4><em>Bald<\/em><\/h4>\n<p>Entt\u00e4uschungsm\u00fcde<br \/>\nhoffe ich wieder.<br \/>\nBald<br \/>\nwird alles<br \/>\ngut sein.<br \/>\nSEIN sein.<br \/>\nGut sein<br \/>\ndurch<br \/>\nSEIN sein.<\/p>\n<p><em>1. Dezember 2013<\/em><\/p>\n<h4><em>\u00a0Tr\u00f6stet<\/em><\/h4>\n<p>Tr\u00f6stet, tr\u00f6stet mein Volk!<br \/>\nWer wei\u00df das Trostwort,<br \/>\ndas Eine, das Trost ist f\u00fcr ein ganzes Volk?<\/p>\n<p>Friede vielleicht &#8211; aber wie?<br \/>\nFreude vielleicht &#8211; aber wor\u00fcber?<br \/>\nFreiheit vielleicht &#8211; aber wodurch?<\/p>\n<p>Das Trostwort, das Eine?<br \/>\nER, das Wort, das Fleisch wurde.<br \/>\nSEIN Dasein unter uns.<\/p>\n<p><em>1.12.2013<\/em><\/p>\n<h4>\u00a0<em>Friede<\/em><\/h4>\n<p>Engelsbotschaft:<\/p>\n<p>&#8222;Ehre sei Gott in der H\u00f6he<br \/>\nund<br \/>\nFriede den Menschen auf Erden.&#8220;<\/p>\n<p>IHN ehren erm\u00f6glicht uns Frieden.<br \/>\nUnser Frieden gibt IHM die Ehre.<\/p>\n<p><em>21. Oktober 2013<\/em><\/p>\n<h4><em>Tanzet<\/em><\/h4>\n<p><strong>T<\/strong>anzet<br \/>\n<strong>N<\/strong>ur<br \/>\n<strong>E<\/strong>ngel,<br \/>\n<strong>V<\/strong>ertraut<br \/>\n<strong>D<\/strong>em<br \/>\n<strong>A<\/strong>nfang.<\/p>\n<p><strong>A<\/strong>us<br \/>\n<strong>D<\/strong>em<br \/>\n<strong>V<\/strong>erborgenen<br \/>\n<strong>E<\/strong>rw\u00e4chst<br \/>\n<strong>N<\/strong>euer<br \/>\n<strong>T<\/strong>rieb.<\/p>\n<p><em>17. Oktober 2013<\/em><\/p>\n<h4><em>Heute! Halleluja!<\/em><\/h4>\n<p><strong><br \/>\nC<\/strong>hristus,<br \/>\n<strong>H<\/strong>err,<br \/>\n<strong>R<\/strong>etter,<br \/>\n<strong>I<\/strong>saias Sohn,<br \/>\n<strong>S<\/strong>ohn Gottes,<br \/>\n<strong>T<\/strong>r\u00f6ster der Armen,<br \/>\n<strong>U<\/strong>nter uns wird DIR\u00a0die Krippe zum Thron.<br \/>\n<strong>S<\/strong>o sammelt uns neu\u00a0DEIN Erbarmen.<\/p>\n<p><strong>J<\/strong>ubelt<br \/>\n<strong>E<\/strong>ngel,<br \/>\n<strong>S<\/strong>eht,<br \/>\n<strong>U<\/strong>nter uns:<br \/>\n<strong>S<\/strong>EIN Schalom.<\/p>\n<p>Heute!<br \/>\nHalleluja!<\/p>\n<p><em>10. Oktober 2013<\/em><\/p>\n<h4><em>Advent<\/em><\/h4>\n<p>Ankunft &#8211;<br \/>\nDem<br \/>\nVerborgenen<br \/>\nEngel<br \/>\nNeu<br \/>\nTrauen.<\/p>\n<p>Angstlos<br \/>\nDuldsam<br \/>\nVertrauen<br \/>\nEr\u00f6ffnet<br \/>\nNeue<br \/>\nT\u00fcren<\/p>\n<p>Ach<br \/>\nDu<br \/>\nVergebender<br \/>\nErl\u00f6ser<br \/>\nNun<br \/>\nTr\u00f6ste!<\/p>\n<p><em>12.12.2013<\/em><\/p>\n<h4><em>Die Krippe erkennen<\/em><\/h4>\n<p>Erst die Deutung<br \/>\ndes leeren Grabes<br \/>\nauf Auferstehung hin<br \/>\nl\u00e4sst r\u00fcckblickend<br \/>\ndas Gotteskind<br \/>\nin der Krippe<br \/>\nerkennen.<br \/>\nIn Leinen gewickelt<br \/>\nzuerst, zuletzt.<\/p>\n<p>Leinendecken<br \/>\nauf den Festtagstischen<br \/>\nwerden im Vorrausblick<br \/>\nZeichen der Wandlung<br \/>\ndurch SEIN Kommen.<br \/>\nGegenwart blitzt auf in<br \/>\nAuferstehungsmomenten.<\/p>\n<p><em>26. Dezember 2016<\/em><\/p>\n<h4><em>Damals &#8211; ein Stern<\/em><\/h4>\n<p>Damals, ein Stern<br \/>\nf\u00fchrt zum Kind &#8211; unserem Herrn<br \/>\nDamals &#8211; wir erz\u00e4hlen es gern.<\/p>\n<p>Und fragt dich dein Kind:<br \/>\n&#8222;Was feiern wir heute?<br \/>\nStars und Sternchen<br \/>\nund Geschenkefreude?&#8220;,<br \/>\nhilft ein Sternenhimmel<br \/>\nvon Glaubenszeugen<br \/>\nsich vor Gottes gro\u00dfem Geheimnis<br \/>\nzu beugen.<br \/>\nVor dem Kind &#8211; unserem Herrn.<\/p>\n<p><em>Dezember 2018<\/em><\/p>\n","protected":false},"excerpt":{"rendered":"<p>\u00a0Weihnachten &#8211; gef\u00fchlsgeladenes Wort. &#8211; erwartungsgeladenes Wort. &#8211; geladenes Wort. Weihnachten &#8211; du geweihte Nacht. &#8211; du \u00a0selige Zeit. &#8211; du fleischgewordenes Wort. 16. Oktober 2013 Bald Entt\u00e4uschungsm\u00fcde hoffe ich wieder. Bald wird alles gut sein. SEIN sein. Gut sein durch SEIN sein. 1. Dezember 2013 \u00a0Tr\u00f6stet Tr\u00f6stet, tr\u00f6stet mein Volk! Wer wei\u00df das Trostwort, &hellip; <a href=\"https:\/\/luise-marcks.de\/?page_id=943\" class=\"more-link\"><span class=\"screen-reader-text\">Selige Zeit (8)<\/span> weiterlesen<\/a><\/p>\n","protected":false},"author":1,"featured_media":509,"parent":360,"menu_order":0,"comment_status":"open","ping_status":"open","template":"","meta":[],"_links":{"self":[{"href":"https:\/\/luise-marcks.de\/index.php?rest_route=\/wp\/v2\/pages\/943"}],"collection":[{"href":"https:\/\/luise-marcks.de\/index.php?rest_route=\/wp\/v2\/pages"}],"about":[{"href":"https:\/\/luise-marcks.de\/index.php?rest_route=\/wp\/v2\/types\/page"}],"author":[{"embeddable":true,"href":"https:\/\/luise-marcks.de\/index.php?rest_route=\/wp\/v2\/users\/1"}],"replies":[{"embeddable":true,"href":"https:\/\/luise-marcks.de\/index.php?rest_route=%2Fwp%2Fv2%2Fcomments&post=943"}],"version-history":[{"count":16,"href":"https:\/\/luise-marcks.de\/index.php?rest_route=\/wp\/v2\/pages\/943\/revisions"}],"predecessor-version":[{"id":3796,"href":"https:\/\/luise-marcks.de\/index.php?rest_route=\/wp\/v2\/pages\/943\/revisions\/3796"}],"up":[{"embeddable":true,"href":"https:\/\/luise-marcks.de\/index.php?rest_route=\/wp\/v2\/pages\/360"}],"wp:featuredmedia":[{"embeddable":true,"href":"https:\/\/luise-marcks.de\/index.php?rest_route=\/wp\/v2\/media\/509"}],"wp:attachment":[{"href":"https:\/\/luise-marcks.de\/index.php?rest_route=%2Fwp%2Fv2%2Fmedia&parent=943"}],"curies":[{"name":"wp","href":"https:\/\/api.w.org\/{rel}","templated":true}]}}